{"id":29443,"date":"2026-02-27T14:11:17","date_gmt":"2026-02-27T14:11:17","guid":{"rendered":"https:\/\/ixil2.cetrexmarketing.com\/producto\/dkat-112\/"},"modified":"2026-02-27T14:11:17","modified_gmt":"2026-02-27T14:11:17","slug":"dkat-112","status":"publish","type":"product","link":"https:\/\/ixil2.cetrexmarketing.com\/fr\/producto\/dkat-112\/","title":{"rendered":"DKAT"},"content":{"rendered":"<p>Suppresseur de catalyseur fabriqu\u00e9 en acier inoxydable AISI304. Finition satin\u00e9 mate. Ce produit est d\u00e9di\u00e9 \u00e0 utilisation exclusive en circuit ferm\u00e9 et n\u00b4est pas homologu\u00e9 pour une utilisation sur la voie publique.<\/p>\n","protected":false},"excerpt":{"rendered":"<p>DKAT &#8211; MID PIPE &#8211; CATALYST SUPPRESSOR &#8211;\u00a0KTM\u00a0790 DUKE 23-26 (KTM CV1 DUKE \/ KTM CV2 DUKE)<\/p>\n","protected":false},"featured_media":29440,"template":"","meta":[],"product_brand":[],"product_cat":[4061],"product_tag":[],"class_list":{"0":"post-29443","1":"product","2":"type-product","3":"status-publish","4":"has-post-thumbnail","6":"product_cat-790-duke-23-26-fr","7":"pa_bodyfinish-mattpolished","8":"pa_bodymaterial-inoxaisi304","9":"pa_ceapproval-no","10":"pa_finishoutput-mattpolished-2","11":"pa_logo-no","12":"pa_outputmaterial-inoxaisi304-2","13":"pa_weight-1340gr-2","14":"entry","15":"has-media","17":"first","18":"instock","19":"taxable","20":"shipping-taxable","21":"purchasable","22":"product-type-simple"},"yoast_head":"<!-- This site is optimized with the Yoast SEO plugin v27.4 - https:\/\/yoast.com\/product\/yoast-seo-wordpress\/ -->\n<title>Pot d&#039;\u00e9chappement IXIL DKAT - MID PIPE DKAT CATALYST SUPPRESSOR pour KTM 790 DUKE 23-26 (KTM CV1 DUKE \/ KTM CV2 DUKE)<\/title>\n<meta name=\"robots\" content=\"noindex, follow, max-snippet:-1, max-image-preview:large, max-video-preview:-1\" \/>\n<meta property=\"og:locale\" content=\"fr_FR\" \/>\n<meta property=\"og:type\" content=\"article\" \/>\n<meta property=\"og:title\" content=\"Pot d&#039;\u00e9chappement IXIL DKAT - MID PIPE DKAT CATALYST SUPPRESSOR pour KTM 790 DUKE 23-26 (KTM CV1 DUKE \/ KTM CV2 DUKE)\" \/>\n<meta property=\"og:description\" content=\"DKAT - MID PIPE - CATALYST SUPPRESSOR -\u00a0KTM\u00a0790 DUKE 23-26 (KTM CV1 DUKE \/ KTM CV2 DUKE)\" \/>\n<meta property=\"og:url\" content=\"https:\/\/ixil2.cetrexmarketing.com\/fr\/producto\/dkat-112\/\" \/>\n<meta property=\"og:site_name\" content=\"IXIL\" \/>\n<meta property=\"og:image\" content=\"https:\/\/ixil2.cetrexmarketing.com\/wp-content\/uploads\/2026\/02\/15506-thickbox_default-DKAT.jpg\" \/>\n\t<meta property=\"og:image:width\" content=\"810\" \/>\n\t<meta property=\"og:image:height\" content=\"810\" \/>\n\t<meta property=\"og:image:type\" content=\"image\/jpeg\" \/>\n<meta name=\"twitter:card\" content=\"summary_large_image\" \/>\n<script type=\"application\/ld+json\" class=\"yoast-schema-graph\">{\"@context\":\"https:\\\/\\\/schema.org\",\"@graph\":[{\"@type\":\"WebPage\",\"@id\":\"https:\\\/\\\/ixil2.cetrexmarketing.com\\\/fr\\\/producto\\\/dkat-112\\\/\",\"url\":\"https:\\\/\\\/ixil2.cetrexmarketing.com\\\/fr\\\/producto\\\/dkat-112\\\/\",\"name\":\"Pot d'\u00e9chappement IXIL DKAT - MID PIPE DKAT CATALYST SUPPRESSOR pour KTM 790 DUKE 23-26 (KTM CV1 DUKE \\\/ KTM CV2 DUKE)\",\"isPartOf\":{\"@id\":\"https:\\\/\\\/ixil2.cetrexmarketing.com\\\/fr\\\/#website\"},\"primaryImageOfPage\":{\"@id\":\"https:\\\/\\\/ixil2.cetrexmarketing.com\\\/fr\\\/producto\\\/dkat-112\\\/#primaryimage\"},\"image\":{\"@id\":\"https:\\\/\\\/ixil2.cetrexmarketing.com\\\/fr\\\/producto\\\/dkat-112\\\/#primaryimage\"},\"thumbnailUrl\":\"https:\\\/\\\/ixil2.cetrexmarketing.com\\\/wp-content\\\/uploads\\\/2026\\\/02\\\/15506-thickbox_default-DKAT.jpg\",\"datePublished\":\"2026-02-27T14:11:17+00:00\",\"breadcrumb\":{\"@id\":\"https:\\\/\\\/ixil2.cetrexmarketing.com\\\/fr\\\/producto\\\/dkat-112\\\/#breadcrumb\"},\"inLanguage\":\"fr-FR\",\"potentialAction\":[{\"@type\":\"ReadAction\",\"target\":[\"https:\\\/\\\/ixil2.cetrexmarketing.com\\\/fr\\\/producto\\\/dkat-112\\\/\"]}]},{\"@type\":\"ImageObject\",\"inLanguage\":\"fr-FR\",\"@id\":\"https:\\\/\\\/ixil2.cetrexmarketing.com\\\/fr\\\/producto\\\/dkat-112\\\/#primaryimage\",\"url\":\"https:\\\/\\\/ixil2.cetrexmarketing.com\\\/wp-content\\\/uploads\\\/2026\\\/02\\\/15506-thickbox_default-DKAT.jpg\",\"contentUrl\":\"https:\\\/\\\/ixil2.cetrexmarketing.com\\\/wp-content\\\/uploads\\\/2026\\\/02\\\/15506-thickbox_default-DKAT.jpg\",\"width\":810,\"height\":810,\"caption\":\"DKAT\"},{\"@type\":\"BreadcrumbList\",\"@id\":\"https:\\\/\\\/ixil2.cetrexmarketing.com\\\/fr\\\/producto\\\/dkat-112\\\/#breadcrumb\",\"itemListElement\":[{\"@type\":\"ListItem\",\"position\":1,\"name\":\"Home\",\"item\":\"https:\\\/\\\/ixil2.cetrexmarketing.com\\\/fr\\\/\"},{\"@type\":\"ListItem\",\"position\":2,\"name\":\"Produits\",\"item\":\"https:\\\/\\\/ixil2.cetrexmarketing.com\\\/fr\\\/shop\\\/\"},{\"@type\":\"ListItem\",\"position\":3,\"name\":\"DKAT\"}]},{\"@type\":\"WebSite\",\"@id\":\"https:\\\/\\\/ixil2.cetrexmarketing.com\\\/fr\\\/#website\",\"url\":\"https:\\\/\\\/ixil2.cetrexmarketing.com\\\/fr\\\/\",\"name\":\"IXIL\",\"description\":\"Tubos de escape Ixil - Escapes para Motos - IXIL EXHAUST - Talleres Vic S.A.\",\"publisher\":{\"@id\":\"https:\\\/\\\/ixil2.cetrexmarketing.com\\\/fr\\\/#organization\"},\"potentialAction\":[{\"@type\":\"SearchAction\",\"target\":{\"@type\":\"EntryPoint\",\"urlTemplate\":\"https:\\\/\\\/ixil2.cetrexmarketing.com\\\/fr\\\/?s={search_term_string}\"},\"query-input\":{\"@type\":\"PropertyValueSpecification\",\"valueRequired\":true,\"valueName\":\"search_term_string\"}}],\"inLanguage\":\"fr-FR\"},{\"@type\":\"Organization\",\"@id\":\"https:\\\/\\\/ixil2.cetrexmarketing.com\\\/fr\\\/#organization\",\"name\":\"IXIL\",\"url\":\"https:\\\/\\\/ixil2.cetrexmarketing.com\\\/fr\\\/\",\"logo\":{\"@type\":\"ImageObject\",\"inLanguage\":\"fr-FR\",\"@id\":\"https:\\\/\\\/ixil2.cetrexmarketing.com\\\/fr\\\/#\\\/schema\\\/logo\\\/image\\\/\",\"url\":\"https:\\\/\\\/ixil2.cetrexmarketing.com\\\/wp-content\\\/uploads\\\/2026\\\/04\\\/logo_blanc.png\",\"contentUrl\":\"https:\\\/\\\/ixil2.cetrexmarketing.com\\\/wp-content\\\/uploads\\\/2026\\\/04\\\/logo_blanc.png\",\"width\":838,\"height\":431,\"caption\":\"IXIL\"},\"image\":{\"@id\":\"https:\\\/\\\/ixil2.cetrexmarketing.com\\\/fr\\\/#\\\/schema\\\/logo\\\/image\\\/\"}}]}<\/script>\n<!-- \/ Yoast SEO plugin. -->","yoast_head_json":{"title":"Pot d'\u00e9chappement IXIL DKAT - MID PIPE DKAT CATALYST SUPPRESSOR pour KTM 790 DUKE 23-26 (KTM CV1 DUKE \/ KTM CV2 DUKE)","robots":{"index":"noindex","follow":"follow","max-snippet":"max-snippet:-1","max-image-preview":"max-image-preview:large","max-video-preview":"max-video-preview:-1"},"og_locale":"fr_FR","og_type":"article","og_title":"Pot d'\u00e9chappement IXIL DKAT - MID PIPE DKAT CATALYST SUPPRESSOR pour KTM 790 DUKE 23-26 (KTM CV1 DUKE \/ KTM CV2 DUKE)","og_description":"DKAT - MID PIPE - CATALYST SUPPRESSOR -\u00a0KTM\u00a0790 DUKE 23-26 (KTM CV1 DUKE \/ KTM CV2 DUKE)","og_url":"https:\/\/ixil2.cetrexmarketing.com\/fr\/producto\/dkat-112\/","og_site_name":"IXIL","og_image":[{"width":810,"height":810,"url":"https:\/\/ixil2.cetrexmarketing.com\/wp-content\/uploads\/2026\/02\/15506-thickbox_default-DKAT.jpg","type":"image\/jpeg"}],"twitter_card":"summary_large_image","schema":{"@context":"https:\/\/schema.org","@graph":[{"@type":"WebPage","@id":"https:\/\/ixil2.cetrexmarketing.com\/fr\/producto\/dkat-112\/","url":"https:\/\/ixil2.cetrexmarketing.com\/fr\/producto\/dkat-112\/","name":"Pot d'\u00e9chappement IXIL DKAT - MID PIPE DKAT CATALYST SUPPRESSOR pour KTM 790 DUKE 23-26 (KTM CV1 DUKE \/ KTM CV2 DUKE)","isPartOf":{"@id":"https:\/\/ixil2.cetrexmarketing.com\/fr\/#website"},"primaryImageOfPage":{"@id":"https:\/\/ixil2.cetrexmarketing.com\/fr\/producto\/dkat-112\/#primaryimage"},"image":{"@id":"https:\/\/ixil2.cetrexmarketing.com\/fr\/producto\/dkat-112\/#primaryimage"},"thumbnailUrl":"https:\/\/ixil2.cetrexmarketing.com\/wp-content\/uploads\/2026\/02\/15506-thickbox_default-DKAT.jpg","datePublished":"2026-02-27T14:11:17+00:00","breadcrumb":{"@id":"https:\/\/ixil2.cetrexmarketing.com\/fr\/producto\/dkat-112\/#breadcrumb"},"inLanguage":"fr-FR","potentialAction":[{"@type":"ReadAction","target":["https:\/\/ixil2.cetrexmarketing.com\/fr\/producto\/dkat-112\/"]}]},{"@type":"ImageObject","inLanguage":"fr-FR","@id":"https:\/\/ixil2.cetrexmarketing.com\/fr\/producto\/dkat-112\/#primaryimage","url":"https:\/\/ixil2.cetrexmarketing.com\/wp-content\/uploads\/2026\/02\/15506-thickbox_default-DKAT.jpg","contentUrl":"https:\/\/ixil2.cetrexmarketing.com\/wp-content\/uploads\/2026\/02\/15506-thickbox_default-DKAT.jpg","width":810,"height":810,"caption":"DKAT"},{"@type":"BreadcrumbList","@id":"https:\/\/ixil2.cetrexmarketing.com\/fr\/producto\/dkat-112\/#breadcrumb","itemListElement":[{"@type":"ListItem","position":1,"name":"Home","item":"https:\/\/ixil2.cetrexmarketing.com\/fr\/"},{"@type":"ListItem","position":2,"name":"Produits","item":"https:\/\/ixil2.cetrexmarketing.com\/fr\/shop\/"},{"@type":"ListItem","position":3,"name":"DKAT"}]},{"@type":"WebSite","@id":"https:\/\/ixil2.cetrexmarketing.com\/fr\/#website","url":"https:\/\/ixil2.cetrexmarketing.com\/fr\/","name":"IXIL","description":"Tubos de escape Ixil - Escapes para Motos - IXIL EXHAUST - Talleres Vic S.A.","publisher":{"@id":"https:\/\/ixil2.cetrexmarketing.com\/fr\/#organization"},"potentialAction":[{"@type":"SearchAction","target":{"@type":"EntryPoint","urlTemplate":"https:\/\/ixil2.cetrexmarketing.com\/fr\/?s={search_term_string}"},"query-input":{"@type":"PropertyValueSpecification","valueRequired":true,"valueName":"search_term_string"}}],"inLanguage":"fr-FR"},{"@type":"Organization","@id":"https:\/\/ixil2.cetrexmarketing.com\/fr\/#organization","name":"IXIL","url":"https:\/\/ixil2.cetrexmarketing.com\/fr\/","logo":{"@type":"ImageObject","inLanguage":"fr-FR","@id":"https:\/\/ixil2.cetrexmarketing.com\/fr\/#\/schema\/logo\/image\/","url":"https:\/\/ixil2.cetrexmarketing.com\/wp-content\/uploads\/2026\/04\/logo_blanc.png","contentUrl":"https:\/\/ixil2.cetrexmarketing.com\/wp-content\/uploads\/2026\/04\/logo_blanc.png","width":838,"height":431,"caption":"IXIL"},"image":{"@id":"https:\/\/ixil2.cetrexmarketing.com\/fr\/#\/schema\/logo\/image\/"}}]}},"_links":{"self":[{"href":"https:\/\/ixil2.cetrexmarketing.com\/fr\/wp-json\/wp\/v2\/product\/29443","targetHints":{"allow":["GET"]}}],"collection":[{"href":"https:\/\/ixil2.cetrexmarketing.com\/fr\/wp-json\/wp\/v2\/product"}],"about":[{"href":"https:\/\/ixil2.cetrexmarketing.com\/fr\/wp-json\/wp\/v2\/types\/product"}],"wp:featuredmedia":[{"embeddable":true,"href":"https:\/\/ixil2.cetrexmarketing.com\/fr\/wp-json\/wp\/v2\/media\/29440"}],"wp:attachment":[{"href":"https:\/\/ixil2.cetrexmarketing.com\/fr\/wp-json\/wp\/v2\/media?parent=29443"}],"wp:term":[{"taxonomy":"product_brand","embeddable":true,"href":"https:\/\/ixil2.cetrexmarketing.com\/fr\/wp-json\/wp\/v2\/product_brand?post=29443"},{"taxonomy":"product_cat","embeddable":true,"href":"https:\/\/ixil2.cetrexmarketing.com\/fr\/wp-json\/wp\/v2\/product_cat?post=29443"},{"taxonomy":"product_tag","embeddable":true,"href":"https:\/\/ixil2.cetrexmarketing.com\/fr\/wp-json\/wp\/v2\/product_tag?post=29443"}],"curies":[{"name":"wp","href":"https:\/\/api.w.org\/{rel}","templated":true}]}}