{"id":28837,"date":"2025-05-26T12:55:41","date_gmt":"2025-05-26T12:55:41","guid":{"rendered":"https:\/\/ixil2.cetrexmarketing.com\/producto\/xc-5\/"},"modified":"2025-05-26T12:55:41","modified_gmt":"2025-05-26T12:55:41","slug":"xc-5","status":"publish","type":"product","link":"https:\/\/ixil2.cetrexmarketing.com\/fr\/producto\/xc-5\/","title":{"rendered":"XC"},"content":{"rendered":"<p>Silencieux Xtrem Carbon fabriqu\u00e9 en fibre de carbone 3K avec une r\u00e9sine \u00e9poxy haute temp\u00e9rature. Capot de sortie en fibre de carbone 3K avec r\u00e9sine \u00e9poxy haute temp\u00e9rature. Enjoliveur en aluminium anodis\u00e9.<\/p>\n","protected":false},"excerpt":{"rendered":"<p>SLIP ON &#8211; XTREM CARBON &#8211;\u00a0KAWASAKI\u00a0Z 900 A2 25-26 (ZR900V ZR900VA2)<\/p>\n","protected":false},"featured_media":28832,"template":"","meta":[],"product_brand":[],"product_cat":[4875],"product_tag":[],"class_list":{"0":"post-28837","1":"product","2":"type-product","3":"status-publish","4":"has-post-thumbnail","6":"product_cat-z-900-a2-25-26-zr900v-zr900va2-fr","7":"pa_bodyfinish-bright","8":"pa_bodymaterial-carbonfiber","9":"pa_length-256mm-2","10":"pa_outputmaterial-carbonfiber-3","11":"pa_shape-conical","12":"pa_weight-1054gr-2","13":"entry","14":"has-media","16":"first","17":"instock","18":"taxable","19":"shipping-taxable","20":"purchasable","21":"product-type-simple"},"yoast_head":"<!-- This site is optimized with the Yoast SEO plugin v27.4 - https:\/\/yoast.com\/product\/yoast-seo-wordpress\/ -->\n<title>Pot d&#039;\u00e9chappement IXIL SLIP ON XTREM CARBON pour KAWASAKI Z 900 A2 25-26 (ZR900V ZR900VA2)<\/title>\n<meta name=\"robots\" content=\"noindex, follow, max-snippet:-1, max-image-preview:large, max-video-preview:-1\" \/>\n<meta property=\"og:locale\" content=\"fr_FR\" \/>\n<meta property=\"og:type\" content=\"article\" \/>\n<meta property=\"og:title\" content=\"Pot d&#039;\u00e9chappement IXIL SLIP ON XTREM CARBON pour KAWASAKI Z 900 A2 25-26 (ZR900V ZR900VA2)\" \/>\n<meta property=\"og:description\" content=\"SLIP ON - XTREM CARBON -\u00a0KAWASAKI\u00a0Z 900 A2 25-26 (ZR900V ZR900VA2)\" \/>\n<meta property=\"og:url\" content=\"https:\/\/ixil2.cetrexmarketing.com\/fr\/producto\/xc-5\/\" \/>\n<meta property=\"og:site_name\" content=\"IXIL\" \/>\n<meta property=\"og:image\" content=\"https:\/\/ixil2.cetrexmarketing.com\/wp-content\/uploads\/2025\/05\/14991-thickbox_default-XC.jpg\" \/>\n\t<meta property=\"og:image:width\" content=\"810\" \/>\n\t<meta property=\"og:image:height\" content=\"810\" \/>\n\t<meta property=\"og:image:type\" content=\"image\/jpeg\" \/>\n<meta name=\"twitter:card\" content=\"summary_large_image\" \/>\n<script type=\"application\/ld+json\" class=\"yoast-schema-graph\">{\"@context\":\"https:\\\/\\\/schema.org\",\"@graph\":[{\"@type\":\"WebPage\",\"@id\":\"https:\\\/\\\/ixil2.cetrexmarketing.com\\\/fr\\\/producto\\\/xc-5\\\/\",\"url\":\"https:\\\/\\\/ixil2.cetrexmarketing.com\\\/fr\\\/producto\\\/xc-5\\\/\",\"name\":\"Pot d'\u00e9chappement IXIL SLIP ON XTREM CARBON pour KAWASAKI Z 900 A2 25-26 (ZR900V ZR900VA2)\",\"isPartOf\":{\"@id\":\"https:\\\/\\\/ixil2.cetrexmarketing.com\\\/fr\\\/#website\"},\"primaryImageOfPage\":{\"@id\":\"https:\\\/\\\/ixil2.cetrexmarketing.com\\\/fr\\\/producto\\\/xc-5\\\/#primaryimage\"},\"image\":{\"@id\":\"https:\\\/\\\/ixil2.cetrexmarketing.com\\\/fr\\\/producto\\\/xc-5\\\/#primaryimage\"},\"thumbnailUrl\":\"https:\\\/\\\/ixil2.cetrexmarketing.com\\\/wp-content\\\/uploads\\\/2025\\\/05\\\/14991-thickbox_default-XC.jpg\",\"datePublished\":\"2025-05-26T12:55:41+00:00\",\"breadcrumb\":{\"@id\":\"https:\\\/\\\/ixil2.cetrexmarketing.com\\\/fr\\\/producto\\\/xc-5\\\/#breadcrumb\"},\"inLanguage\":\"fr-FR\",\"potentialAction\":[{\"@type\":\"ReadAction\",\"target\":[\"https:\\\/\\\/ixil2.cetrexmarketing.com\\\/fr\\\/producto\\\/xc-5\\\/\"]}]},{\"@type\":\"ImageObject\",\"inLanguage\":\"fr-FR\",\"@id\":\"https:\\\/\\\/ixil2.cetrexmarketing.com\\\/fr\\\/producto\\\/xc-5\\\/#primaryimage\",\"url\":\"https:\\\/\\\/ixil2.cetrexmarketing.com\\\/wp-content\\\/uploads\\\/2025\\\/05\\\/14991-thickbox_default-XC.jpg\",\"contentUrl\":\"https:\\\/\\\/ixil2.cetrexmarketing.com\\\/wp-content\\\/uploads\\\/2025\\\/05\\\/14991-thickbox_default-XC.jpg\",\"width\":810,\"height\":810,\"caption\":\"XC\"},{\"@type\":\"BreadcrumbList\",\"@id\":\"https:\\\/\\\/ixil2.cetrexmarketing.com\\\/fr\\\/producto\\\/xc-5\\\/#breadcrumb\",\"itemListElement\":[{\"@type\":\"ListItem\",\"position\":1,\"name\":\"Home\",\"item\":\"https:\\\/\\\/ixil2.cetrexmarketing.com\\\/fr\\\/\"},{\"@type\":\"ListItem\",\"position\":2,\"name\":\"Produits\",\"item\":\"https:\\\/\\\/ixil2.cetrexmarketing.com\\\/fr\\\/shop\\\/\"},{\"@type\":\"ListItem\",\"position\":3,\"name\":\"XC\"}]},{\"@type\":\"WebSite\",\"@id\":\"https:\\\/\\\/ixil2.cetrexmarketing.com\\\/fr\\\/#website\",\"url\":\"https:\\\/\\\/ixil2.cetrexmarketing.com\\\/fr\\\/\",\"name\":\"IXIL\",\"description\":\"Tubos de escape Ixil - Escapes para Motos - IXIL EXHAUST - Talleres Vic S.A.\",\"publisher\":{\"@id\":\"https:\\\/\\\/ixil2.cetrexmarketing.com\\\/fr\\\/#organization\"},\"potentialAction\":[{\"@type\":\"SearchAction\",\"target\":{\"@type\":\"EntryPoint\",\"urlTemplate\":\"https:\\\/\\\/ixil2.cetrexmarketing.com\\\/fr\\\/?s={search_term_string}\"},\"query-input\":{\"@type\":\"PropertyValueSpecification\",\"valueRequired\":true,\"valueName\":\"search_term_string\"}}],\"inLanguage\":\"fr-FR\"},{\"@type\":\"Organization\",\"@id\":\"https:\\\/\\\/ixil2.cetrexmarketing.com\\\/fr\\\/#organization\",\"name\":\"IXIL\",\"url\":\"https:\\\/\\\/ixil2.cetrexmarketing.com\\\/fr\\\/\",\"logo\":{\"@type\":\"ImageObject\",\"inLanguage\":\"fr-FR\",\"@id\":\"https:\\\/\\\/ixil2.cetrexmarketing.com\\\/fr\\\/#\\\/schema\\\/logo\\\/image\\\/\",\"url\":\"https:\\\/\\\/ixil2.cetrexmarketing.com\\\/wp-content\\\/uploads\\\/2026\\\/04\\\/logo_blanc.png\",\"contentUrl\":\"https:\\\/\\\/ixil2.cetrexmarketing.com\\\/wp-content\\\/uploads\\\/2026\\\/04\\\/logo_blanc.png\",\"width\":838,\"height\":431,\"caption\":\"IXIL\"},\"image\":{\"@id\":\"https:\\\/\\\/ixil2.cetrexmarketing.com\\\/fr\\\/#\\\/schema\\\/logo\\\/image\\\/\"}}]}<\/script>\n<!-- \/ Yoast SEO plugin. -->","yoast_head_json":{"title":"Pot d'\u00e9chappement IXIL SLIP ON XTREM CARBON pour KAWASAKI Z 900 A2 25-26 (ZR900V ZR900VA2)","robots":{"index":"noindex","follow":"follow","max-snippet":"max-snippet:-1","max-image-preview":"max-image-preview:large","max-video-preview":"max-video-preview:-1"},"og_locale":"fr_FR","og_type":"article","og_title":"Pot d'\u00e9chappement IXIL SLIP ON XTREM CARBON pour KAWASAKI Z 900 A2 25-26 (ZR900V ZR900VA2)","og_description":"SLIP ON - XTREM CARBON -\u00a0KAWASAKI\u00a0Z 900 A2 25-26 (ZR900V ZR900VA2)","og_url":"https:\/\/ixil2.cetrexmarketing.com\/fr\/producto\/xc-5\/","og_site_name":"IXIL","og_image":[{"width":810,"height":810,"url":"https:\/\/ixil2.cetrexmarketing.com\/wp-content\/uploads\/2025\/05\/14991-thickbox_default-XC.jpg","type":"image\/jpeg"}],"twitter_card":"summary_large_image","schema":{"@context":"https:\/\/schema.org","@graph":[{"@type":"WebPage","@id":"https:\/\/ixil2.cetrexmarketing.com\/fr\/producto\/xc-5\/","url":"https:\/\/ixil2.cetrexmarketing.com\/fr\/producto\/xc-5\/","name":"Pot d'\u00e9chappement IXIL SLIP ON XTREM CARBON pour KAWASAKI Z 900 A2 25-26 (ZR900V ZR900VA2)","isPartOf":{"@id":"https:\/\/ixil2.cetrexmarketing.com\/fr\/#website"},"primaryImageOfPage":{"@id":"https:\/\/ixil2.cetrexmarketing.com\/fr\/producto\/xc-5\/#primaryimage"},"image":{"@id":"https:\/\/ixil2.cetrexmarketing.com\/fr\/producto\/xc-5\/#primaryimage"},"thumbnailUrl":"https:\/\/ixil2.cetrexmarketing.com\/wp-content\/uploads\/2025\/05\/14991-thickbox_default-XC.jpg","datePublished":"2025-05-26T12:55:41+00:00","breadcrumb":{"@id":"https:\/\/ixil2.cetrexmarketing.com\/fr\/producto\/xc-5\/#breadcrumb"},"inLanguage":"fr-FR","potentialAction":[{"@type":"ReadAction","target":["https:\/\/ixil2.cetrexmarketing.com\/fr\/producto\/xc-5\/"]}]},{"@type":"ImageObject","inLanguage":"fr-FR","@id":"https:\/\/ixil2.cetrexmarketing.com\/fr\/producto\/xc-5\/#primaryimage","url":"https:\/\/ixil2.cetrexmarketing.com\/wp-content\/uploads\/2025\/05\/14991-thickbox_default-XC.jpg","contentUrl":"https:\/\/ixil2.cetrexmarketing.com\/wp-content\/uploads\/2025\/05\/14991-thickbox_default-XC.jpg","width":810,"height":810,"caption":"XC"},{"@type":"BreadcrumbList","@id":"https:\/\/ixil2.cetrexmarketing.com\/fr\/producto\/xc-5\/#breadcrumb","itemListElement":[{"@type":"ListItem","position":1,"name":"Home","item":"https:\/\/ixil2.cetrexmarketing.com\/fr\/"},{"@type":"ListItem","position":2,"name":"Produits","item":"https:\/\/ixil2.cetrexmarketing.com\/fr\/shop\/"},{"@type":"ListItem","position":3,"name":"XC"}]},{"@type":"WebSite","@id":"https:\/\/ixil2.cetrexmarketing.com\/fr\/#website","url":"https:\/\/ixil2.cetrexmarketing.com\/fr\/","name":"IXIL","description":"Tubos de escape Ixil - Escapes para Motos - IXIL EXHAUST - Talleres Vic S.A.","publisher":{"@id":"https:\/\/ixil2.cetrexmarketing.com\/fr\/#organization"},"potentialAction":[{"@type":"SearchAction","target":{"@type":"EntryPoint","urlTemplate":"https:\/\/ixil2.cetrexmarketing.com\/fr\/?s={search_term_string}"},"query-input":{"@type":"PropertyValueSpecification","valueRequired":true,"valueName":"search_term_string"}}],"inLanguage":"fr-FR"},{"@type":"Organization","@id":"https:\/\/ixil2.cetrexmarketing.com\/fr\/#organization","name":"IXIL","url":"https:\/\/ixil2.cetrexmarketing.com\/fr\/","logo":{"@type":"ImageObject","inLanguage":"fr-FR","@id":"https:\/\/ixil2.cetrexmarketing.com\/fr\/#\/schema\/logo\/image\/","url":"https:\/\/ixil2.cetrexmarketing.com\/wp-content\/uploads\/2026\/04\/logo_blanc.png","contentUrl":"https:\/\/ixil2.cetrexmarketing.com\/wp-content\/uploads\/2026\/04\/logo_blanc.png","width":838,"height":431,"caption":"IXIL"},"image":{"@id":"https:\/\/ixil2.cetrexmarketing.com\/fr\/#\/schema\/logo\/image\/"}}]}},"_links":{"self":[{"href":"https:\/\/ixil2.cetrexmarketing.com\/fr\/wp-json\/wp\/v2\/product\/28837","targetHints":{"allow":["GET"]}}],"collection":[{"href":"https:\/\/ixil2.cetrexmarketing.com\/fr\/wp-json\/wp\/v2\/product"}],"about":[{"href":"https:\/\/ixil2.cetrexmarketing.com\/fr\/wp-json\/wp\/v2\/types\/product"}],"wp:featuredmedia":[{"embeddable":true,"href":"https:\/\/ixil2.cetrexmarketing.com\/fr\/wp-json\/wp\/v2\/media\/28832"}],"wp:attachment":[{"href":"https:\/\/ixil2.cetrexmarketing.com\/fr\/wp-json\/wp\/v2\/media?parent=28837"}],"wp:term":[{"taxonomy":"product_brand","embeddable":true,"href":"https:\/\/ixil2.cetrexmarketing.com\/fr\/wp-json\/wp\/v2\/product_brand?post=28837"},{"taxonomy":"product_cat","embeddable":true,"href":"https:\/\/ixil2.cetrexmarketing.com\/fr\/wp-json\/wp\/v2\/product_cat?post=28837"},{"taxonomy":"product_tag","embeddable":true,"href":"https:\/\/ixil2.cetrexmarketing.com\/fr\/wp-json\/wp\/v2\/product_tag?post=28837"}],"curies":[{"name":"wp","href":"https:\/\/api.w.org\/{rel}","templated":true}]}}