{"id":22843,"date":"2021-04-27T13:26:05","date_gmt":"2021-04-27T13:26:05","guid":{"rendered":"https:\/\/ixil2.cetrexmarketing.com\/producto\/rc-37\/"},"modified":"2021-04-27T13:26:05","modified_gmt":"2021-04-27T13:26:05","slug":"rc-37","status":"publish","type":"product","link":"https:\/\/ixil2.cetrexmarketing.com\/fr\/producto\/rc-37\/","title":{"rendered":"RC"},"content":{"rendered":"<p>Silencieux conique fabriqu\u00e9 en acier inoxydable AISI304 avec finiti\u00f3n satin\u00e9 mat. Sortie de gaz conique fabriqu\u00e9 \u00e0 partir de r\u00e9sine \u00e9poxy de fibre de carbone \u00e0 haute temp\u00e9rature avec une finition brillante.<\/p>\n","protected":false},"excerpt":{"rendered":"<p>SLIP ON &#8211; RACE XTREM CARBON &#8211;\u00a0HUSQVARNA\u00a0SVARTPILEN 701 20-22 (HQV701)<\/p>\n","protected":false},"featured_media":22838,"template":"","meta":[],"product_brand":[],"product_cat":[3557],"product_tag":[],"class_list":{"0":"post-22843","1":"product","2":"type-product","3":"status-publish","4":"has-post-thumbnail","6":"product_cat-svartpilen-701-20-22-hqv701-fr","7":"pa_bodyfinish-mattpolished","8":"pa_bodymaterial-inoxaisi304","9":"pa_ceapproval-no","10":"pa_finishoutput-sparkly-2","11":"pa_length-230mm-2","12":"pa_logo-lasermarking","13":"pa_outputmaterial-carbonfiber-3","14":"pa_shape-conical","15":"pa_weight-1020gr-2","16":"entry","17":"has-media","19":"first","20":"instock","21":"taxable","22":"shipping-taxable","23":"purchasable","24":"product-type-simple"},"yoast_head":"<!-- This site is optimized with the Yoast SEO plugin v27.4 - https:\/\/yoast.com\/product\/yoast-seo-wordpress\/ -->\n<title>Pot d&#039;\u00e9chappement IXIL SLIP ON RC RACE XTREM CARBON pour HUSQVARNA SVARTPILEN 701 20-22 (HQV701)<\/title>\n<meta name=\"robots\" content=\"noindex, follow, max-snippet:-1, max-image-preview:large, max-video-preview:-1\" \/>\n<meta property=\"og:locale\" content=\"fr_FR\" \/>\n<meta property=\"og:type\" content=\"article\" \/>\n<meta property=\"og:title\" content=\"Pot d&#039;\u00e9chappement IXIL SLIP ON RC RACE XTREM CARBON pour HUSQVARNA SVARTPILEN 701 20-22 (HQV701)\" \/>\n<meta property=\"og:description\" content=\"SLIP ON - RACE XTREM CARBON -\u00a0HUSQVARNA\u00a0SVARTPILEN 701 20-22 (HQV701)\" \/>\n<meta property=\"og:url\" content=\"https:\/\/ixil2.cetrexmarketing.com\/fr\/producto\/rc-37\/\" \/>\n<meta property=\"og:site_name\" content=\"IXIL\" \/>\n<meta property=\"og:image\" content=\"https:\/\/ixil2.cetrexmarketing.com\/wp-content\/uploads\/2021\/04\/11023-thickbox_default-RC.jpg\" \/>\n\t<meta property=\"og:image:width\" content=\"810\" \/>\n\t<meta property=\"og:image:height\" content=\"810\" \/>\n\t<meta property=\"og:image:type\" content=\"image\/jpeg\" \/>\n<meta name=\"twitter:card\" content=\"summary_large_image\" \/>\n<script type=\"application\/ld+json\" class=\"yoast-schema-graph\">{\"@context\":\"https:\\\/\\\/schema.org\",\"@graph\":[{\"@type\":\"WebPage\",\"@id\":\"https:\\\/\\\/ixil2.cetrexmarketing.com\\\/fr\\\/producto\\\/rc-37\\\/\",\"url\":\"https:\\\/\\\/ixil2.cetrexmarketing.com\\\/fr\\\/producto\\\/rc-37\\\/\",\"name\":\"Pot d'\u00e9chappement IXIL SLIP ON RC RACE XTREM CARBON pour HUSQVARNA SVARTPILEN 701 20-22 (HQV701)\",\"isPartOf\":{\"@id\":\"https:\\\/\\\/ixil2.cetrexmarketing.com\\\/fr\\\/#website\"},\"primaryImageOfPage\":{\"@id\":\"https:\\\/\\\/ixil2.cetrexmarketing.com\\\/fr\\\/producto\\\/rc-37\\\/#primaryimage\"},\"image\":{\"@id\":\"https:\\\/\\\/ixil2.cetrexmarketing.com\\\/fr\\\/producto\\\/rc-37\\\/#primaryimage\"},\"thumbnailUrl\":\"https:\\\/\\\/ixil2.cetrexmarketing.com\\\/wp-content\\\/uploads\\\/2021\\\/04\\\/11023-thickbox_default-RC.jpg\",\"datePublished\":\"2021-04-27T13:26:05+00:00\",\"breadcrumb\":{\"@id\":\"https:\\\/\\\/ixil2.cetrexmarketing.com\\\/fr\\\/producto\\\/rc-37\\\/#breadcrumb\"},\"inLanguage\":\"fr-FR\",\"potentialAction\":[{\"@type\":\"ReadAction\",\"target\":[\"https:\\\/\\\/ixil2.cetrexmarketing.com\\\/fr\\\/producto\\\/rc-37\\\/\"]}]},{\"@type\":\"ImageObject\",\"inLanguage\":\"fr-FR\",\"@id\":\"https:\\\/\\\/ixil2.cetrexmarketing.com\\\/fr\\\/producto\\\/rc-37\\\/#primaryimage\",\"url\":\"https:\\\/\\\/ixil2.cetrexmarketing.com\\\/wp-content\\\/uploads\\\/2021\\\/04\\\/11023-thickbox_default-RC.jpg\",\"contentUrl\":\"https:\\\/\\\/ixil2.cetrexmarketing.com\\\/wp-content\\\/uploads\\\/2021\\\/04\\\/11023-thickbox_default-RC.jpg\",\"width\":810,\"height\":810,\"caption\":\"RC\"},{\"@type\":\"BreadcrumbList\",\"@id\":\"https:\\\/\\\/ixil2.cetrexmarketing.com\\\/fr\\\/producto\\\/rc-37\\\/#breadcrumb\",\"itemListElement\":[{\"@type\":\"ListItem\",\"position\":1,\"name\":\"Home\",\"item\":\"https:\\\/\\\/ixil2.cetrexmarketing.com\\\/fr\\\/\"},{\"@type\":\"ListItem\",\"position\":2,\"name\":\"Produits\",\"item\":\"https:\\\/\\\/ixil2.cetrexmarketing.com\\\/fr\\\/shop\\\/\"},{\"@type\":\"ListItem\",\"position\":3,\"name\":\"RC\"}]},{\"@type\":\"WebSite\",\"@id\":\"https:\\\/\\\/ixil2.cetrexmarketing.com\\\/fr\\\/#website\",\"url\":\"https:\\\/\\\/ixil2.cetrexmarketing.com\\\/fr\\\/\",\"name\":\"IXIL\",\"description\":\"Tubos de escape Ixil - Escapes para Motos - IXIL EXHAUST - Talleres Vic S.A.\",\"publisher\":{\"@id\":\"https:\\\/\\\/ixil2.cetrexmarketing.com\\\/fr\\\/#organization\"},\"potentialAction\":[{\"@type\":\"SearchAction\",\"target\":{\"@type\":\"EntryPoint\",\"urlTemplate\":\"https:\\\/\\\/ixil2.cetrexmarketing.com\\\/fr\\\/?s={search_term_string}\"},\"query-input\":{\"@type\":\"PropertyValueSpecification\",\"valueRequired\":true,\"valueName\":\"search_term_string\"}}],\"inLanguage\":\"fr-FR\"},{\"@type\":\"Organization\",\"@id\":\"https:\\\/\\\/ixil2.cetrexmarketing.com\\\/fr\\\/#organization\",\"name\":\"IXIL\",\"url\":\"https:\\\/\\\/ixil2.cetrexmarketing.com\\\/fr\\\/\",\"logo\":{\"@type\":\"ImageObject\",\"inLanguage\":\"fr-FR\",\"@id\":\"https:\\\/\\\/ixil2.cetrexmarketing.com\\\/fr\\\/#\\\/schema\\\/logo\\\/image\\\/\",\"url\":\"https:\\\/\\\/ixil2.cetrexmarketing.com\\\/wp-content\\\/uploads\\\/2026\\\/04\\\/logo_blanc.png\",\"contentUrl\":\"https:\\\/\\\/ixil2.cetrexmarketing.com\\\/wp-content\\\/uploads\\\/2026\\\/04\\\/logo_blanc.png\",\"width\":838,\"height\":431,\"caption\":\"IXIL\"},\"image\":{\"@id\":\"https:\\\/\\\/ixil2.cetrexmarketing.com\\\/fr\\\/#\\\/schema\\\/logo\\\/image\\\/\"}}]}<\/script>\n<!-- \/ Yoast SEO plugin. -->","yoast_head_json":{"title":"Pot d'\u00e9chappement IXIL SLIP ON RC RACE XTREM CARBON pour HUSQVARNA SVARTPILEN 701 20-22 (HQV701)","robots":{"index":"noindex","follow":"follow","max-snippet":"max-snippet:-1","max-image-preview":"max-image-preview:large","max-video-preview":"max-video-preview:-1"},"og_locale":"fr_FR","og_type":"article","og_title":"Pot d'\u00e9chappement IXIL SLIP ON RC RACE XTREM CARBON pour HUSQVARNA SVARTPILEN 701 20-22 (HQV701)","og_description":"SLIP ON - RACE XTREM CARBON -\u00a0HUSQVARNA\u00a0SVARTPILEN 701 20-22 (HQV701)","og_url":"https:\/\/ixil2.cetrexmarketing.com\/fr\/producto\/rc-37\/","og_site_name":"IXIL","og_image":[{"width":810,"height":810,"url":"https:\/\/ixil2.cetrexmarketing.com\/wp-content\/uploads\/2021\/04\/11023-thickbox_default-RC.jpg","type":"image\/jpeg"}],"twitter_card":"summary_large_image","schema":{"@context":"https:\/\/schema.org","@graph":[{"@type":"WebPage","@id":"https:\/\/ixil2.cetrexmarketing.com\/fr\/producto\/rc-37\/","url":"https:\/\/ixil2.cetrexmarketing.com\/fr\/producto\/rc-37\/","name":"Pot d'\u00e9chappement IXIL SLIP ON RC RACE XTREM CARBON pour HUSQVARNA SVARTPILEN 701 20-22 (HQV701)","isPartOf":{"@id":"https:\/\/ixil2.cetrexmarketing.com\/fr\/#website"},"primaryImageOfPage":{"@id":"https:\/\/ixil2.cetrexmarketing.com\/fr\/producto\/rc-37\/#primaryimage"},"image":{"@id":"https:\/\/ixil2.cetrexmarketing.com\/fr\/producto\/rc-37\/#primaryimage"},"thumbnailUrl":"https:\/\/ixil2.cetrexmarketing.com\/wp-content\/uploads\/2021\/04\/11023-thickbox_default-RC.jpg","datePublished":"2021-04-27T13:26:05+00:00","breadcrumb":{"@id":"https:\/\/ixil2.cetrexmarketing.com\/fr\/producto\/rc-37\/#breadcrumb"},"inLanguage":"fr-FR","potentialAction":[{"@type":"ReadAction","target":["https:\/\/ixil2.cetrexmarketing.com\/fr\/producto\/rc-37\/"]}]},{"@type":"ImageObject","inLanguage":"fr-FR","@id":"https:\/\/ixil2.cetrexmarketing.com\/fr\/producto\/rc-37\/#primaryimage","url":"https:\/\/ixil2.cetrexmarketing.com\/wp-content\/uploads\/2021\/04\/11023-thickbox_default-RC.jpg","contentUrl":"https:\/\/ixil2.cetrexmarketing.com\/wp-content\/uploads\/2021\/04\/11023-thickbox_default-RC.jpg","width":810,"height":810,"caption":"RC"},{"@type":"BreadcrumbList","@id":"https:\/\/ixil2.cetrexmarketing.com\/fr\/producto\/rc-37\/#breadcrumb","itemListElement":[{"@type":"ListItem","position":1,"name":"Home","item":"https:\/\/ixil2.cetrexmarketing.com\/fr\/"},{"@type":"ListItem","position":2,"name":"Produits","item":"https:\/\/ixil2.cetrexmarketing.com\/fr\/shop\/"},{"@type":"ListItem","position":3,"name":"RC"}]},{"@type":"WebSite","@id":"https:\/\/ixil2.cetrexmarketing.com\/fr\/#website","url":"https:\/\/ixil2.cetrexmarketing.com\/fr\/","name":"IXIL","description":"Tubos de escape Ixil - Escapes para Motos - IXIL EXHAUST - Talleres Vic S.A.","publisher":{"@id":"https:\/\/ixil2.cetrexmarketing.com\/fr\/#organization"},"potentialAction":[{"@type":"SearchAction","target":{"@type":"EntryPoint","urlTemplate":"https:\/\/ixil2.cetrexmarketing.com\/fr\/?s={search_term_string}"},"query-input":{"@type":"PropertyValueSpecification","valueRequired":true,"valueName":"search_term_string"}}],"inLanguage":"fr-FR"},{"@type":"Organization","@id":"https:\/\/ixil2.cetrexmarketing.com\/fr\/#organization","name":"IXIL","url":"https:\/\/ixil2.cetrexmarketing.com\/fr\/","logo":{"@type":"ImageObject","inLanguage":"fr-FR","@id":"https:\/\/ixil2.cetrexmarketing.com\/fr\/#\/schema\/logo\/image\/","url":"https:\/\/ixil2.cetrexmarketing.com\/wp-content\/uploads\/2026\/04\/logo_blanc.png","contentUrl":"https:\/\/ixil2.cetrexmarketing.com\/wp-content\/uploads\/2026\/04\/logo_blanc.png","width":838,"height":431,"caption":"IXIL"},"image":{"@id":"https:\/\/ixil2.cetrexmarketing.com\/fr\/#\/schema\/logo\/image\/"}}]}},"_links":{"self":[{"href":"https:\/\/ixil2.cetrexmarketing.com\/fr\/wp-json\/wp\/v2\/product\/22843","targetHints":{"allow":["GET"]}}],"collection":[{"href":"https:\/\/ixil2.cetrexmarketing.com\/fr\/wp-json\/wp\/v2\/product"}],"about":[{"href":"https:\/\/ixil2.cetrexmarketing.com\/fr\/wp-json\/wp\/v2\/types\/product"}],"wp:featuredmedia":[{"embeddable":true,"href":"https:\/\/ixil2.cetrexmarketing.com\/fr\/wp-json\/wp\/v2\/media\/22838"}],"wp:attachment":[{"href":"https:\/\/ixil2.cetrexmarketing.com\/fr\/wp-json\/wp\/v2\/media?parent=22843"}],"wp:term":[{"taxonomy":"product_brand","embeddable":true,"href":"https:\/\/ixil2.cetrexmarketing.com\/fr\/wp-json\/wp\/v2\/product_brand?post=22843"},{"taxonomy":"product_cat","embeddable":true,"href":"https:\/\/ixil2.cetrexmarketing.com\/fr\/wp-json\/wp\/v2\/product_cat?post=22843"},{"taxonomy":"product_tag","embeddable":true,"href":"https:\/\/ixil2.cetrexmarketing.com\/fr\/wp-json\/wp\/v2\/product_tag?post=22843"}],"curies":[{"name":"wp","href":"https:\/\/api.w.org\/{rel}","templated":true}]}}