{"id":18750,"date":"2020-02-26T17:16:44","date_gmt":"2020-02-26T17:16:44","guid":{"rendered":"https:\/\/ixil2.cetrexmarketing.com\/producto\/mxt-6\/"},"modified":"2020-02-26T17:16:44","modified_gmt":"2020-02-26T17:16:44","slug":"mxt-6","status":"publish","type":"product","link":"https:\/\/ixil2.cetrexmarketing.com\/fr\/producto\/mxt-6\/","title":{"rendered":"MXT"},"content":{"rendered":"<p>Silencieux fabriqu\u00e9 en acier inoxydable AISI304 avec finition satin\u00e9 mate. Sans entretien et sonorit\u00e9 maitrese\u00e9. Sortie de gaz conique et asym\u00e9trique fabriqu\u00e9 en aluminium inject\u00e9 laqu\u00e9 noir.<\/p>\n","protected":false},"excerpt":{"rendered":"<p>SLIP ON &#8211; MEGA XTREM TRAIL &#8211;\u00a0KTM 1290 SUPER ADVENTURE 15-20 (KTM ADVENTURE B1 C1 D1)<\/p>\n","protected":false},"featured_media":18745,"template":"","meta":[],"product_brand":[],"product_cat":[4460],"product_tag":[],"class_list":{"0":"post-18750","1":"product","2":"type-product","3":"status-publish","4":"has-post-thumbnail","6":"product_cat-1290-super-adventure-15-20-fr","7":"pa_bodyfinish-mattpolished","8":"pa_bodymaterial-inoxaisi304","9":"pa_finishoutput-blackpainted","10":"pa_length-540mm-2","11":"pa_logo-lasermarking","12":"pa_outputmaterial-aluminum-3","13":"pa_reference-em3089ss-4","14":"pa_shape-hexoval175x115mm-2","15":"pa_weight-4920gr","16":"entry","17":"has-media","19":"first","20":"instock","21":"taxable","22":"shipping-taxable","23":"purchasable","24":"product-type-simple"},"yoast_head":"<!-- This site is optimized with the Yoast SEO plugin v27.4 - https:\/\/yoast.com\/product\/yoast-seo-wordpress\/ -->\n<title>Pot d&#039;\u00e9chappement IXIL SLIP ON MXT MEGA XTREM TRAIL pour KTM 1290 SUPER ADVENTURE 15-20 (KTM ADVENTURE B1 C1 D1)<\/title>\n<meta name=\"robots\" content=\"noindex, follow, max-snippet:-1, max-image-preview:large, max-video-preview:-1\" \/>\n<meta property=\"og:locale\" content=\"fr_FR\" \/>\n<meta property=\"og:type\" content=\"article\" \/>\n<meta property=\"og:title\" content=\"Pot d&#039;\u00e9chappement IXIL SLIP ON MXT MEGA XTREM TRAIL pour KTM 1290 SUPER ADVENTURE 15-20 (KTM ADVENTURE B1 C1 D1)\" \/>\n<meta property=\"og:description\" content=\"SLIP ON - MEGA XTREM TRAIL -\u00a0KTM 1290 SUPER ADVENTURE 15-20 (KTM ADVENTURE B1 C1 D1)\" \/>\n<meta property=\"og:url\" content=\"https:\/\/ixil2.cetrexmarketing.com\/fr\/producto\/mxt-6\/\" \/>\n<meta property=\"og:site_name\" content=\"IXIL\" \/>\n<meta property=\"og:image\" content=\"https:\/\/ixil2.cetrexmarketing.com\/wp-content\/uploads\/2020\/02\/6274-thickbox_default-MXT.jpg\" \/>\n\t<meta property=\"og:image:width\" content=\"810\" \/>\n\t<meta property=\"og:image:height\" content=\"810\" \/>\n\t<meta property=\"og:image:type\" content=\"image\/jpeg\" \/>\n<meta name=\"twitter:card\" content=\"summary_large_image\" \/>\n<script type=\"application\/ld+json\" class=\"yoast-schema-graph\">{\"@context\":\"https:\\\/\\\/schema.org\",\"@graph\":[{\"@type\":\"WebPage\",\"@id\":\"https:\\\/\\\/ixil2.cetrexmarketing.com\\\/fr\\\/producto\\\/mxt-6\\\/\",\"url\":\"https:\\\/\\\/ixil2.cetrexmarketing.com\\\/fr\\\/producto\\\/mxt-6\\\/\",\"name\":\"Pot d'\u00e9chappement IXIL SLIP ON MXT MEGA XTREM TRAIL pour KTM 1290 SUPER ADVENTURE 15-20 (KTM ADVENTURE B1 C1 D1)\",\"isPartOf\":{\"@id\":\"https:\\\/\\\/ixil2.cetrexmarketing.com\\\/fr\\\/#website\"},\"primaryImageOfPage\":{\"@id\":\"https:\\\/\\\/ixil2.cetrexmarketing.com\\\/fr\\\/producto\\\/mxt-6\\\/#primaryimage\"},\"image\":{\"@id\":\"https:\\\/\\\/ixil2.cetrexmarketing.com\\\/fr\\\/producto\\\/mxt-6\\\/#primaryimage\"},\"thumbnailUrl\":\"https:\\\/\\\/ixil2.cetrexmarketing.com\\\/wp-content\\\/uploads\\\/2020\\\/02\\\/6274-thickbox_default-MXT.jpg\",\"datePublished\":\"2020-02-26T17:16:44+00:00\",\"breadcrumb\":{\"@id\":\"https:\\\/\\\/ixil2.cetrexmarketing.com\\\/fr\\\/producto\\\/mxt-6\\\/#breadcrumb\"},\"inLanguage\":\"fr-FR\",\"potentialAction\":[{\"@type\":\"ReadAction\",\"target\":[\"https:\\\/\\\/ixil2.cetrexmarketing.com\\\/fr\\\/producto\\\/mxt-6\\\/\"]}]},{\"@type\":\"ImageObject\",\"inLanguage\":\"fr-FR\",\"@id\":\"https:\\\/\\\/ixil2.cetrexmarketing.com\\\/fr\\\/producto\\\/mxt-6\\\/#primaryimage\",\"url\":\"https:\\\/\\\/ixil2.cetrexmarketing.com\\\/wp-content\\\/uploads\\\/2020\\\/02\\\/6274-thickbox_default-MXT.jpg\",\"contentUrl\":\"https:\\\/\\\/ixil2.cetrexmarketing.com\\\/wp-content\\\/uploads\\\/2020\\\/02\\\/6274-thickbox_default-MXT.jpg\",\"width\":810,\"height\":810,\"caption\":\"MXT\"},{\"@type\":\"BreadcrumbList\",\"@id\":\"https:\\\/\\\/ixil2.cetrexmarketing.com\\\/fr\\\/producto\\\/mxt-6\\\/#breadcrumb\",\"itemListElement\":[{\"@type\":\"ListItem\",\"position\":1,\"name\":\"Home\",\"item\":\"https:\\\/\\\/ixil2.cetrexmarketing.com\\\/fr\\\/\"},{\"@type\":\"ListItem\",\"position\":2,\"name\":\"Produits\",\"item\":\"https:\\\/\\\/ixil2.cetrexmarketing.com\\\/fr\\\/shop\\\/\"},{\"@type\":\"ListItem\",\"position\":3,\"name\":\"MXT\"}]},{\"@type\":\"WebSite\",\"@id\":\"https:\\\/\\\/ixil2.cetrexmarketing.com\\\/fr\\\/#website\",\"url\":\"https:\\\/\\\/ixil2.cetrexmarketing.com\\\/fr\\\/\",\"name\":\"IXIL\",\"description\":\"Tubos de escape Ixil - Escapes para Motos - IXIL EXHAUST - Talleres Vic S.A.\",\"publisher\":{\"@id\":\"https:\\\/\\\/ixil2.cetrexmarketing.com\\\/fr\\\/#organization\"},\"potentialAction\":[{\"@type\":\"SearchAction\",\"target\":{\"@type\":\"EntryPoint\",\"urlTemplate\":\"https:\\\/\\\/ixil2.cetrexmarketing.com\\\/fr\\\/?s={search_term_string}\"},\"query-input\":{\"@type\":\"PropertyValueSpecification\",\"valueRequired\":true,\"valueName\":\"search_term_string\"}}],\"inLanguage\":\"fr-FR\"},{\"@type\":\"Organization\",\"@id\":\"https:\\\/\\\/ixil2.cetrexmarketing.com\\\/fr\\\/#organization\",\"name\":\"IXIL\",\"url\":\"https:\\\/\\\/ixil2.cetrexmarketing.com\\\/fr\\\/\",\"logo\":{\"@type\":\"ImageObject\",\"inLanguage\":\"fr-FR\",\"@id\":\"https:\\\/\\\/ixil2.cetrexmarketing.com\\\/fr\\\/#\\\/schema\\\/logo\\\/image\\\/\",\"url\":\"https:\\\/\\\/ixil2.cetrexmarketing.com\\\/wp-content\\\/uploads\\\/2026\\\/04\\\/logo_blanc.png\",\"contentUrl\":\"https:\\\/\\\/ixil2.cetrexmarketing.com\\\/wp-content\\\/uploads\\\/2026\\\/04\\\/logo_blanc.png\",\"width\":838,\"height\":431,\"caption\":\"IXIL\"},\"image\":{\"@id\":\"https:\\\/\\\/ixil2.cetrexmarketing.com\\\/fr\\\/#\\\/schema\\\/logo\\\/image\\\/\"}}]}<\/script>\n<!-- \/ Yoast SEO plugin. -->","yoast_head_json":{"title":"Pot d'\u00e9chappement IXIL SLIP ON MXT MEGA XTREM TRAIL pour KTM 1290 SUPER ADVENTURE 15-20 (KTM ADVENTURE B1 C1 D1)","robots":{"index":"noindex","follow":"follow","max-snippet":"max-snippet:-1","max-image-preview":"max-image-preview:large","max-video-preview":"max-video-preview:-1"},"og_locale":"fr_FR","og_type":"article","og_title":"Pot d'\u00e9chappement IXIL SLIP ON MXT MEGA XTREM TRAIL pour KTM 1290 SUPER ADVENTURE 15-20 (KTM ADVENTURE B1 C1 D1)","og_description":"SLIP ON - MEGA XTREM TRAIL -\u00a0KTM 1290 SUPER ADVENTURE 15-20 (KTM ADVENTURE B1 C1 D1)","og_url":"https:\/\/ixil2.cetrexmarketing.com\/fr\/producto\/mxt-6\/","og_site_name":"IXIL","og_image":[{"width":810,"height":810,"url":"https:\/\/ixil2.cetrexmarketing.com\/wp-content\/uploads\/2020\/02\/6274-thickbox_default-MXT.jpg","type":"image\/jpeg"}],"twitter_card":"summary_large_image","schema":{"@context":"https:\/\/schema.org","@graph":[{"@type":"WebPage","@id":"https:\/\/ixil2.cetrexmarketing.com\/fr\/producto\/mxt-6\/","url":"https:\/\/ixil2.cetrexmarketing.com\/fr\/producto\/mxt-6\/","name":"Pot d'\u00e9chappement IXIL SLIP ON MXT MEGA XTREM TRAIL pour KTM 1290 SUPER ADVENTURE 15-20 (KTM ADVENTURE B1 C1 D1)","isPartOf":{"@id":"https:\/\/ixil2.cetrexmarketing.com\/fr\/#website"},"primaryImageOfPage":{"@id":"https:\/\/ixil2.cetrexmarketing.com\/fr\/producto\/mxt-6\/#primaryimage"},"image":{"@id":"https:\/\/ixil2.cetrexmarketing.com\/fr\/producto\/mxt-6\/#primaryimage"},"thumbnailUrl":"https:\/\/ixil2.cetrexmarketing.com\/wp-content\/uploads\/2020\/02\/6274-thickbox_default-MXT.jpg","datePublished":"2020-02-26T17:16:44+00:00","breadcrumb":{"@id":"https:\/\/ixil2.cetrexmarketing.com\/fr\/producto\/mxt-6\/#breadcrumb"},"inLanguage":"fr-FR","potentialAction":[{"@type":"ReadAction","target":["https:\/\/ixil2.cetrexmarketing.com\/fr\/producto\/mxt-6\/"]}]},{"@type":"ImageObject","inLanguage":"fr-FR","@id":"https:\/\/ixil2.cetrexmarketing.com\/fr\/producto\/mxt-6\/#primaryimage","url":"https:\/\/ixil2.cetrexmarketing.com\/wp-content\/uploads\/2020\/02\/6274-thickbox_default-MXT.jpg","contentUrl":"https:\/\/ixil2.cetrexmarketing.com\/wp-content\/uploads\/2020\/02\/6274-thickbox_default-MXT.jpg","width":810,"height":810,"caption":"MXT"},{"@type":"BreadcrumbList","@id":"https:\/\/ixil2.cetrexmarketing.com\/fr\/producto\/mxt-6\/#breadcrumb","itemListElement":[{"@type":"ListItem","position":1,"name":"Home","item":"https:\/\/ixil2.cetrexmarketing.com\/fr\/"},{"@type":"ListItem","position":2,"name":"Produits","item":"https:\/\/ixil2.cetrexmarketing.com\/fr\/shop\/"},{"@type":"ListItem","position":3,"name":"MXT"}]},{"@type":"WebSite","@id":"https:\/\/ixil2.cetrexmarketing.com\/fr\/#website","url":"https:\/\/ixil2.cetrexmarketing.com\/fr\/","name":"IXIL","description":"Tubos de escape Ixil - Escapes para Motos - IXIL EXHAUST - Talleres Vic S.A.","publisher":{"@id":"https:\/\/ixil2.cetrexmarketing.com\/fr\/#organization"},"potentialAction":[{"@type":"SearchAction","target":{"@type":"EntryPoint","urlTemplate":"https:\/\/ixil2.cetrexmarketing.com\/fr\/?s={search_term_string}"},"query-input":{"@type":"PropertyValueSpecification","valueRequired":true,"valueName":"search_term_string"}}],"inLanguage":"fr-FR"},{"@type":"Organization","@id":"https:\/\/ixil2.cetrexmarketing.com\/fr\/#organization","name":"IXIL","url":"https:\/\/ixil2.cetrexmarketing.com\/fr\/","logo":{"@type":"ImageObject","inLanguage":"fr-FR","@id":"https:\/\/ixil2.cetrexmarketing.com\/fr\/#\/schema\/logo\/image\/","url":"https:\/\/ixil2.cetrexmarketing.com\/wp-content\/uploads\/2026\/04\/logo_blanc.png","contentUrl":"https:\/\/ixil2.cetrexmarketing.com\/wp-content\/uploads\/2026\/04\/logo_blanc.png","width":838,"height":431,"caption":"IXIL"},"image":{"@id":"https:\/\/ixil2.cetrexmarketing.com\/fr\/#\/schema\/logo\/image\/"}}]}},"_links":{"self":[{"href":"https:\/\/ixil2.cetrexmarketing.com\/fr\/wp-json\/wp\/v2\/product\/18750","targetHints":{"allow":["GET"]}}],"collection":[{"href":"https:\/\/ixil2.cetrexmarketing.com\/fr\/wp-json\/wp\/v2\/product"}],"about":[{"href":"https:\/\/ixil2.cetrexmarketing.com\/fr\/wp-json\/wp\/v2\/types\/product"}],"wp:featuredmedia":[{"embeddable":true,"href":"https:\/\/ixil2.cetrexmarketing.com\/fr\/wp-json\/wp\/v2\/media\/18745"}],"wp:attachment":[{"href":"https:\/\/ixil2.cetrexmarketing.com\/fr\/wp-json\/wp\/v2\/media?parent=18750"}],"wp:term":[{"taxonomy":"product_brand","embeddable":true,"href":"https:\/\/ixil2.cetrexmarketing.com\/fr\/wp-json\/wp\/v2\/product_brand?post=18750"},{"taxonomy":"product_cat","embeddable":true,"href":"https:\/\/ixil2.cetrexmarketing.com\/fr\/wp-json\/wp\/v2\/product_cat?post=18750"},{"taxonomy":"product_tag","embeddable":true,"href":"https:\/\/ixil2.cetrexmarketing.com\/fr\/wp-json\/wp\/v2\/product_tag?post=18750"}],"curies":[{"name":"wp","href":"https:\/\/api.w.org\/{rel}","templated":true}]}}