{"id":17390,"date":"2020-02-24T17:39:28","date_gmt":"2020-02-24T17:39:28","guid":{"rendered":"https:\/\/ixil2.cetrexmarketing.com\/producto\/dkat-6\/"},"modified":"2020-02-24T17:39:28","modified_gmt":"2020-02-24T17:39:28","slug":"dkat-6","status":"publish","type":"product","link":"https:\/\/ixil2.cetrexmarketing.com\/fr\/producto\/dkat-6\/","title":{"rendered":"DKAT"},"content":{"rendered":"<p>Suppresseur de catalyseur fabriqu\u00e9 en acier inoxydable AISI304. Finition satin\u00e9 mate. Ce produit est d\u00e9di\u00e9 \u00e0 utilisation exclusive en circuit ferm\u00e9 et n\u00b4est pas homologu\u00e9 pour une utilisation sur la voie publique.<\/p>\n","protected":false},"excerpt":{"rendered":"<p>DKAT &#8211; MID PIPE &#8211; CATALYST SUPPRESSOR &#8211; INDIAN\u00a0FTR 1200 &#8211; FTR 1200 S 18-21<\/p>\n","protected":false},"featured_media":17388,"template":"","meta":[],"product_brand":[],"product_cat":[3313],"product_tag":[],"class_list":{"0":"post-17390","1":"product","2":"type-product","3":"status-publish","4":"has-post-thumbnail","6":"product_cat-ftr-1200-ftr-1200-s-18-21-fr","7":"pa_bodyfinish-mattpolished","8":"pa_bodymaterial-inoxaisi304","9":"pa_ceapproval-no","10":"pa_finishoutput-mattpolished-2","11":"pa_logo-no","12":"pa_outputmaterial-inoxaisi304-2","13":"pa_reference-kit2220c1-4","14":"pa_weight-820gr-2","15":"entry","16":"has-media","18":"first","19":"instock","20":"taxable","21":"shipping-taxable","22":"purchasable","23":"product-type-simple"},"yoast_head":"<!-- This site is optimized with the Yoast SEO plugin v27.4 - https:\/\/yoast.com\/product\/yoast-seo-wordpress\/ -->\n<title>Pot d&#039;\u00e9chappement IXIL DKAT - MID PIPE DKAT CATALYST SUPPRESSOR pour INDIAN FTR 1200 - FTR 1200 S 18-21<\/title>\n<meta name=\"robots\" content=\"noindex, follow, max-snippet:-1, max-image-preview:large, max-video-preview:-1\" \/>\n<meta property=\"og:locale\" content=\"fr_FR\" \/>\n<meta property=\"og:type\" content=\"article\" \/>\n<meta property=\"og:title\" content=\"Pot d&#039;\u00e9chappement IXIL DKAT - MID PIPE DKAT CATALYST SUPPRESSOR pour INDIAN FTR 1200 - FTR 1200 S 18-21\" \/>\n<meta property=\"og:description\" content=\"DKAT - MID PIPE - CATALYST SUPPRESSOR - INDIAN\u00a0FTR 1200 - FTR 1200 S 18-21\" \/>\n<meta property=\"og:url\" content=\"https:\/\/ixil2.cetrexmarketing.com\/fr\/producto\/dkat-6\/\" \/>\n<meta property=\"og:site_name\" content=\"IXIL\" \/>\n<meta property=\"og:image\" content=\"https:\/\/ixil2.cetrexmarketing.com\/wp-content\/uploads\/2020\/02\/5347-thickbox_default-DKAT.jpg\" \/>\n\t<meta property=\"og:image:width\" content=\"810\" \/>\n\t<meta property=\"og:image:height\" content=\"810\" \/>\n\t<meta property=\"og:image:type\" content=\"image\/jpeg\" \/>\n<meta name=\"twitter:card\" content=\"summary_large_image\" \/>\n<script type=\"application\/ld+json\" class=\"yoast-schema-graph\">{\"@context\":\"https:\\\/\\\/schema.org\",\"@graph\":[{\"@type\":\"WebPage\",\"@id\":\"https:\\\/\\\/ixil2.cetrexmarketing.com\\\/fr\\\/producto\\\/dkat-6\\\/\",\"url\":\"https:\\\/\\\/ixil2.cetrexmarketing.com\\\/fr\\\/producto\\\/dkat-6\\\/\",\"name\":\"Pot d'\u00e9chappement IXIL DKAT - MID PIPE DKAT CATALYST SUPPRESSOR pour INDIAN FTR 1200 - FTR 1200 S 18-21\",\"isPartOf\":{\"@id\":\"https:\\\/\\\/ixil2.cetrexmarketing.com\\\/fr\\\/#website\"},\"primaryImageOfPage\":{\"@id\":\"https:\\\/\\\/ixil2.cetrexmarketing.com\\\/fr\\\/producto\\\/dkat-6\\\/#primaryimage\"},\"image\":{\"@id\":\"https:\\\/\\\/ixil2.cetrexmarketing.com\\\/fr\\\/producto\\\/dkat-6\\\/#primaryimage\"},\"thumbnailUrl\":\"https:\\\/\\\/ixil2.cetrexmarketing.com\\\/wp-content\\\/uploads\\\/2020\\\/02\\\/5347-thickbox_default-DKAT.jpg\",\"datePublished\":\"2020-02-24T17:39:28+00:00\",\"breadcrumb\":{\"@id\":\"https:\\\/\\\/ixil2.cetrexmarketing.com\\\/fr\\\/producto\\\/dkat-6\\\/#breadcrumb\"},\"inLanguage\":\"fr-FR\",\"potentialAction\":[{\"@type\":\"ReadAction\",\"target\":[\"https:\\\/\\\/ixil2.cetrexmarketing.com\\\/fr\\\/producto\\\/dkat-6\\\/\"]}]},{\"@type\":\"ImageObject\",\"inLanguage\":\"fr-FR\",\"@id\":\"https:\\\/\\\/ixil2.cetrexmarketing.com\\\/fr\\\/producto\\\/dkat-6\\\/#primaryimage\",\"url\":\"https:\\\/\\\/ixil2.cetrexmarketing.com\\\/wp-content\\\/uploads\\\/2020\\\/02\\\/5347-thickbox_default-DKAT.jpg\",\"contentUrl\":\"https:\\\/\\\/ixil2.cetrexmarketing.com\\\/wp-content\\\/uploads\\\/2020\\\/02\\\/5347-thickbox_default-DKAT.jpg\",\"width\":810,\"height\":810,\"caption\":\"DKAT\"},{\"@type\":\"BreadcrumbList\",\"@id\":\"https:\\\/\\\/ixil2.cetrexmarketing.com\\\/fr\\\/producto\\\/dkat-6\\\/#breadcrumb\",\"itemListElement\":[{\"@type\":\"ListItem\",\"position\":1,\"name\":\"Home\",\"item\":\"https:\\\/\\\/ixil2.cetrexmarketing.com\\\/fr\\\/\"},{\"@type\":\"ListItem\",\"position\":2,\"name\":\"Produits\",\"item\":\"https:\\\/\\\/ixil2.cetrexmarketing.com\\\/fr\\\/shop\\\/\"},{\"@type\":\"ListItem\",\"position\":3,\"name\":\"DKAT\"}]},{\"@type\":\"WebSite\",\"@id\":\"https:\\\/\\\/ixil2.cetrexmarketing.com\\\/fr\\\/#website\",\"url\":\"https:\\\/\\\/ixil2.cetrexmarketing.com\\\/fr\\\/\",\"name\":\"IXIL\",\"description\":\"Tubos de escape Ixil - Escapes para Motos - IXIL EXHAUST - Talleres Vic S.A.\",\"publisher\":{\"@id\":\"https:\\\/\\\/ixil2.cetrexmarketing.com\\\/fr\\\/#organization\"},\"potentialAction\":[{\"@type\":\"SearchAction\",\"target\":{\"@type\":\"EntryPoint\",\"urlTemplate\":\"https:\\\/\\\/ixil2.cetrexmarketing.com\\\/fr\\\/?s={search_term_string}\"},\"query-input\":{\"@type\":\"PropertyValueSpecification\",\"valueRequired\":true,\"valueName\":\"search_term_string\"}}],\"inLanguage\":\"fr-FR\"},{\"@type\":\"Organization\",\"@id\":\"https:\\\/\\\/ixil2.cetrexmarketing.com\\\/fr\\\/#organization\",\"name\":\"IXIL\",\"url\":\"https:\\\/\\\/ixil2.cetrexmarketing.com\\\/fr\\\/\",\"logo\":{\"@type\":\"ImageObject\",\"inLanguage\":\"fr-FR\",\"@id\":\"https:\\\/\\\/ixil2.cetrexmarketing.com\\\/fr\\\/#\\\/schema\\\/logo\\\/image\\\/\",\"url\":\"https:\\\/\\\/ixil2.cetrexmarketing.com\\\/wp-content\\\/uploads\\\/2026\\\/04\\\/logo_blanc.png\",\"contentUrl\":\"https:\\\/\\\/ixil2.cetrexmarketing.com\\\/wp-content\\\/uploads\\\/2026\\\/04\\\/logo_blanc.png\",\"width\":838,\"height\":431,\"caption\":\"IXIL\"},\"image\":{\"@id\":\"https:\\\/\\\/ixil2.cetrexmarketing.com\\\/fr\\\/#\\\/schema\\\/logo\\\/image\\\/\"}}]}<\/script>\n<!-- \/ Yoast SEO plugin. -->","yoast_head_json":{"title":"Pot d'\u00e9chappement IXIL DKAT - MID PIPE DKAT CATALYST SUPPRESSOR pour INDIAN FTR 1200 - FTR 1200 S 18-21","robots":{"index":"noindex","follow":"follow","max-snippet":"max-snippet:-1","max-image-preview":"max-image-preview:large","max-video-preview":"max-video-preview:-1"},"og_locale":"fr_FR","og_type":"article","og_title":"Pot d'\u00e9chappement IXIL DKAT - MID PIPE DKAT CATALYST SUPPRESSOR pour INDIAN FTR 1200 - FTR 1200 S 18-21","og_description":"DKAT - MID PIPE - CATALYST SUPPRESSOR - INDIAN\u00a0FTR 1200 - FTR 1200 S 18-21","og_url":"https:\/\/ixil2.cetrexmarketing.com\/fr\/producto\/dkat-6\/","og_site_name":"IXIL","og_image":[{"width":810,"height":810,"url":"https:\/\/ixil2.cetrexmarketing.com\/wp-content\/uploads\/2020\/02\/5347-thickbox_default-DKAT.jpg","type":"image\/jpeg"}],"twitter_card":"summary_large_image","schema":{"@context":"https:\/\/schema.org","@graph":[{"@type":"WebPage","@id":"https:\/\/ixil2.cetrexmarketing.com\/fr\/producto\/dkat-6\/","url":"https:\/\/ixil2.cetrexmarketing.com\/fr\/producto\/dkat-6\/","name":"Pot d'\u00e9chappement IXIL DKAT - MID PIPE DKAT CATALYST SUPPRESSOR pour INDIAN FTR 1200 - FTR 1200 S 18-21","isPartOf":{"@id":"https:\/\/ixil2.cetrexmarketing.com\/fr\/#website"},"primaryImageOfPage":{"@id":"https:\/\/ixil2.cetrexmarketing.com\/fr\/producto\/dkat-6\/#primaryimage"},"image":{"@id":"https:\/\/ixil2.cetrexmarketing.com\/fr\/producto\/dkat-6\/#primaryimage"},"thumbnailUrl":"https:\/\/ixil2.cetrexmarketing.com\/wp-content\/uploads\/2020\/02\/5347-thickbox_default-DKAT.jpg","datePublished":"2020-02-24T17:39:28+00:00","breadcrumb":{"@id":"https:\/\/ixil2.cetrexmarketing.com\/fr\/producto\/dkat-6\/#breadcrumb"},"inLanguage":"fr-FR","potentialAction":[{"@type":"ReadAction","target":["https:\/\/ixil2.cetrexmarketing.com\/fr\/producto\/dkat-6\/"]}]},{"@type":"ImageObject","inLanguage":"fr-FR","@id":"https:\/\/ixil2.cetrexmarketing.com\/fr\/producto\/dkat-6\/#primaryimage","url":"https:\/\/ixil2.cetrexmarketing.com\/wp-content\/uploads\/2020\/02\/5347-thickbox_default-DKAT.jpg","contentUrl":"https:\/\/ixil2.cetrexmarketing.com\/wp-content\/uploads\/2020\/02\/5347-thickbox_default-DKAT.jpg","width":810,"height":810,"caption":"DKAT"},{"@type":"BreadcrumbList","@id":"https:\/\/ixil2.cetrexmarketing.com\/fr\/producto\/dkat-6\/#breadcrumb","itemListElement":[{"@type":"ListItem","position":1,"name":"Home","item":"https:\/\/ixil2.cetrexmarketing.com\/fr\/"},{"@type":"ListItem","position":2,"name":"Produits","item":"https:\/\/ixil2.cetrexmarketing.com\/fr\/shop\/"},{"@type":"ListItem","position":3,"name":"DKAT"}]},{"@type":"WebSite","@id":"https:\/\/ixil2.cetrexmarketing.com\/fr\/#website","url":"https:\/\/ixil2.cetrexmarketing.com\/fr\/","name":"IXIL","description":"Tubos de escape Ixil - Escapes para Motos - IXIL EXHAUST - Talleres Vic S.A.","publisher":{"@id":"https:\/\/ixil2.cetrexmarketing.com\/fr\/#organization"},"potentialAction":[{"@type":"SearchAction","target":{"@type":"EntryPoint","urlTemplate":"https:\/\/ixil2.cetrexmarketing.com\/fr\/?s={search_term_string}"},"query-input":{"@type":"PropertyValueSpecification","valueRequired":true,"valueName":"search_term_string"}}],"inLanguage":"fr-FR"},{"@type":"Organization","@id":"https:\/\/ixil2.cetrexmarketing.com\/fr\/#organization","name":"IXIL","url":"https:\/\/ixil2.cetrexmarketing.com\/fr\/","logo":{"@type":"ImageObject","inLanguage":"fr-FR","@id":"https:\/\/ixil2.cetrexmarketing.com\/fr\/#\/schema\/logo\/image\/","url":"https:\/\/ixil2.cetrexmarketing.com\/wp-content\/uploads\/2026\/04\/logo_blanc.png","contentUrl":"https:\/\/ixil2.cetrexmarketing.com\/wp-content\/uploads\/2026\/04\/logo_blanc.png","width":838,"height":431,"caption":"IXIL"},"image":{"@id":"https:\/\/ixil2.cetrexmarketing.com\/fr\/#\/schema\/logo\/image\/"}}]}},"_links":{"self":[{"href":"https:\/\/ixil2.cetrexmarketing.com\/fr\/wp-json\/wp\/v2\/product\/17390","targetHints":{"allow":["GET"]}}],"collection":[{"href":"https:\/\/ixil2.cetrexmarketing.com\/fr\/wp-json\/wp\/v2\/product"}],"about":[{"href":"https:\/\/ixil2.cetrexmarketing.com\/fr\/wp-json\/wp\/v2\/types\/product"}],"wp:featuredmedia":[{"embeddable":true,"href":"https:\/\/ixil2.cetrexmarketing.com\/fr\/wp-json\/wp\/v2\/media\/17388"}],"wp:attachment":[{"href":"https:\/\/ixil2.cetrexmarketing.com\/fr\/wp-json\/wp\/v2\/media?parent=17390"}],"wp:term":[{"taxonomy":"product_brand","embeddable":true,"href":"https:\/\/ixil2.cetrexmarketing.com\/fr\/wp-json\/wp\/v2\/product_brand?post=17390"},{"taxonomy":"product_cat","embeddable":true,"href":"https:\/\/ixil2.cetrexmarketing.com\/fr\/wp-json\/wp\/v2\/product_cat?post=17390"},{"taxonomy":"product_tag","embeddable":true,"href":"https:\/\/ixil2.cetrexmarketing.com\/fr\/wp-json\/wp\/v2\/product_tag?post=17390"}],"curies":[{"name":"wp","href":"https:\/\/api.w.org\/{rel}","templated":true}]}}