{"id":14745,"date":"2026-04-15T11:08:40","date_gmt":"2026-04-15T11:08:40","guid":{"rendered":"https:\/\/ixil2.cetrexmarketing.com\/?page_id=14745"},"modified":"2026-04-15T11:08:41","modified_gmt":"2026-04-15T11:08:41","slug":"information-relative-a-lentreprise","status":"publish","type":"page","link":"https:\/\/ixil2.cetrexmarketing.com\/fr\/information-relative-a-lentreprise\/","title":{"rendered":"Information relative \u00e0 l&rsquo;entreprise"},"content":{"rendered":"<p><img loading=\"lazy\" decoding=\"async\" src=\"https:\/\/ixil2.cetrexmarketing.com\/img\/cms\/IXIL_historia2.png\" width=\"452\" height=\"299\" style=\"float:left;margin-right:50px;\" alt=\"IXIL_historia2.png\" \/><\/p>\n<h3 style=\"font-family:HelveticaNeueLTProLt;font-size:35px;color:#e80000;\">IXIL est pr\u00e9sent sur les 5 continents gr\u00e2ce \u00e0 un r\u00e9seau de distributeurs dans plus de 40 pays.<\/h3>\n<p>IXIL est apparu sur le march\u00e9 en 1955 \u00e0 travers une entreprise familial situ\u00e9e au coeur de Barcelone. La rigueur de deux g\u00e9n\u00e9rations, une volont\u00e9 constante d&rsquo;offrir des produits de qualit\u00e9, un travail d&rsquo;\u00e9quipe dans la fabrication, la commercialisation et la distribution ont permis \u00e0 IXIL d&rsquo;atteindre une renomm\u00e9e Internationale. Les derni\u00e8res avanc\u00e9es technologiques sont pr\u00e9sentes dans notre processus de fabrication afin de r\u00e9pondre aux normes Europ\u00e9ennes les plus strictes.<\/p>\n<p style=\"clear:both;padding-top:20px;\"><img loading=\"lazy\" decoding=\"async\" src=\"https:\/\/ixil2.cetrexmarketing.com\/img\/cms\/IXIL_historia.png\" alt=\"\" width=\"422\" height=\"146\" style=\"float:right;\" \/> Pour une meilleure pr\u00e9cision et une plus grande rapidit\u00e9 le design de nos produits est r\u00e9alis\u00e9 par informatique (CAD). Tout le processus de production est assist\u00e9 informatiquement depuis les machines \u00e0 d\u00e9coupe laser jusqu&rsquo;aux robots de soudure. IXIL est pr\u00e9sent dans le monde de la comp\u00e9tition avec des pilotes mondialement connus ; cat\u00e9gorie reine du MOTOGP o\u00f9 sont \u00e9prouv\u00e9s les derni\u00e8res recherches technologiques en vue d&rsquo;offrir un maximum de qualit\u00e9.<\/p><\/p>\n","protected":false},"excerpt":{"rendered":"<p>IXIL est pr\u00e9sent sur les 5 continents gr\u00e2ce \u00e0 un r\u00e9seau de distributeurs dans plus de 40 pays. IXIL est apparu sur le march\u00e9 en 1955 \u00e0 travers une entreprise familial situ\u00e9e au coeur de Barcelone. La rigueur de deux g\u00e9n\u00e9rations, une volont\u00e9 constante d&rsquo;offrir des produits de qualit\u00e9, un travail d&rsquo;\u00e9quipe dans la fabrication,&hellip;<\/p>\n","protected":false},"author":1,"featured_media":0,"parent":0,"menu_order":7,"comment_status":"closed","ping_status":"closed","template":"","meta":{"footnotes":""},"class_list":["post-14745","page","type-page","status-publish","hentry","entry","no-media"],"yoast_head":"<!-- This site is optimized with the Yoast SEO plugin v27.4 - https:\/\/yoast.com\/product\/yoast-seo-wordpress\/ -->\n<title>Information relative \u00e0 l&#039;entreprise - IXIL<\/title>\n<meta name=\"robots\" content=\"noindex, follow\" \/>\n<meta property=\"og:locale\" content=\"fr_FR\" \/>\n<meta property=\"og:type\" content=\"article\" \/>\n<meta property=\"og:title\" content=\"Information relative \u00e0 l&#039;entreprise - IXIL\" \/>\n<meta property=\"og:description\" content=\"IXIL est pr\u00e9sent sur les 5 continents gr\u00e2ce \u00e0 un r\u00e9seau de distributeurs dans plus de 40 pays. IXIL est apparu sur le march\u00e9 en 1955 \u00e0 travers une entreprise familial situ\u00e9e au coeur de Barcelone. La rigueur de deux g\u00e9n\u00e9rations, une volont\u00e9 constante d&rsquo;offrir des produits de qualit\u00e9, un travail d&rsquo;\u00e9quipe dans la fabrication,&hellip;\" \/>\n<meta property=\"og:url\" content=\"https:\/\/ixil2.cetrexmarketing.com\/fr\/information-relative-a-lentreprise\/\" \/>\n<meta property=\"og:site_name\" content=\"IXIL\" \/>\n<meta property=\"article:modified_time\" content=\"2026-04-15T11:08:41+00:00\" \/>\n<meta property=\"og:image\" content=\"https:\/\/ixil2.cetrexmarketing.com\/img\/cms\/IXIL_historia2.png\" \/>\n<meta name=\"twitter:card\" content=\"summary_large_image\" \/>\n<meta name=\"twitter:label1\" content=\"Dur\u00e9e de lecture estim\u00e9e\" \/>\n\t<meta name=\"twitter:data1\" content=\"1 minute\" \/>\n<script type=\"application\/ld+json\" class=\"yoast-schema-graph\">{\"@context\":\"https:\\\/\\\/schema.org\",\"@graph\":[{\"@type\":\"WebPage\",\"@id\":\"https:\\\/\\\/ixil2.cetrexmarketing.com\\\/fr\\\/information-relative-a-lentreprise\\\/\",\"url\":\"https:\\\/\\\/ixil2.cetrexmarketing.com\\\/fr\\\/information-relative-a-lentreprise\\\/\",\"name\":\"Information relative \u00e0 l'entreprise - IXIL\",\"isPartOf\":{\"@id\":\"https:\\\/\\\/ixil2.cetrexmarketing.com\\\/fr\\\/#website\"},\"primaryImageOfPage\":{\"@id\":\"https:\\\/\\\/ixil2.cetrexmarketing.com\\\/fr\\\/information-relative-a-lentreprise\\\/#primaryimage\"},\"image\":{\"@id\":\"https:\\\/\\\/ixil2.cetrexmarketing.com\\\/fr\\\/information-relative-a-lentreprise\\\/#primaryimage\"},\"thumbnailUrl\":\"https:\\\/\\\/ixil2.cetrexmarketing.com\\\/img\\\/cms\\\/IXIL_historia2.png\",\"datePublished\":\"2026-04-15T11:08:40+00:00\",\"dateModified\":\"2026-04-15T11:08:41+00:00\",\"breadcrumb\":{\"@id\":\"https:\\\/\\\/ixil2.cetrexmarketing.com\\\/fr\\\/information-relative-a-lentreprise\\\/#breadcrumb\"},\"inLanguage\":\"fr-FR\",\"potentialAction\":[{\"@type\":\"ReadAction\",\"target\":[\"https:\\\/\\\/ixil2.cetrexmarketing.com\\\/fr\\\/information-relative-a-lentreprise\\\/\"]}]},{\"@type\":\"ImageObject\",\"inLanguage\":\"fr-FR\",\"@id\":\"https:\\\/\\\/ixil2.cetrexmarketing.com\\\/fr\\\/information-relative-a-lentreprise\\\/#primaryimage\",\"url\":\"https:\\\/\\\/ixil2.cetrexmarketing.com\\\/img\\\/cms\\\/IXIL_historia2.png\",\"contentUrl\":\"https:\\\/\\\/ixil2.cetrexmarketing.com\\\/img\\\/cms\\\/IXIL_historia2.png\"},{\"@type\":\"BreadcrumbList\",\"@id\":\"https:\\\/\\\/ixil2.cetrexmarketing.com\\\/fr\\\/information-relative-a-lentreprise\\\/#breadcrumb\",\"itemListElement\":[{\"@type\":\"ListItem\",\"position\":1,\"name\":\"Home\",\"item\":\"https:\\\/\\\/ixil2.cetrexmarketing.com\\\/fr\\\/\"},{\"@type\":\"ListItem\",\"position\":2,\"name\":\"Information relative \u00e0 l&#8217;entreprise\"}]},{\"@type\":\"WebSite\",\"@id\":\"https:\\\/\\\/ixil2.cetrexmarketing.com\\\/fr\\\/#website\",\"url\":\"https:\\\/\\\/ixil2.cetrexmarketing.com\\\/fr\\\/\",\"name\":\"IXIL\",\"description\":\"Tubos de escape Ixil - Escapes para Motos - IXIL EXHAUST - Talleres Vic S.A.\",\"publisher\":{\"@id\":\"https:\\\/\\\/ixil2.cetrexmarketing.com\\\/fr\\\/#organization\"},\"potentialAction\":[{\"@type\":\"SearchAction\",\"target\":{\"@type\":\"EntryPoint\",\"urlTemplate\":\"https:\\\/\\\/ixil2.cetrexmarketing.com\\\/fr\\\/?s={search_term_string}\"},\"query-input\":{\"@type\":\"PropertyValueSpecification\",\"valueRequired\":true,\"valueName\":\"search_term_string\"}}],\"inLanguage\":\"fr-FR\"},{\"@type\":\"Organization\",\"@id\":\"https:\\\/\\\/ixil2.cetrexmarketing.com\\\/fr\\\/#organization\",\"name\":\"IXIL\",\"url\":\"https:\\\/\\\/ixil2.cetrexmarketing.com\\\/fr\\\/\",\"logo\":{\"@type\":\"ImageObject\",\"inLanguage\":\"fr-FR\",\"@id\":\"https:\\\/\\\/ixil2.cetrexmarketing.com\\\/fr\\\/#\\\/schema\\\/logo\\\/image\\\/\",\"url\":\"https:\\\/\\\/ixil2.cetrexmarketing.com\\\/wp-content\\\/uploads\\\/2026\\\/04\\\/logo_blanc.png\",\"contentUrl\":\"https:\\\/\\\/ixil2.cetrexmarketing.com\\\/wp-content\\\/uploads\\\/2026\\\/04\\\/logo_blanc.png\",\"width\":838,\"height\":431,\"caption\":\"IXIL\"},\"image\":{\"@id\":\"https:\\\/\\\/ixil2.cetrexmarketing.com\\\/fr\\\/#\\\/schema\\\/logo\\\/image\\\/\"}}]}<\/script>\n<!-- \/ Yoast SEO plugin. -->","yoast_head_json":{"title":"Information relative \u00e0 l'entreprise - IXIL","robots":{"index":"noindex","follow":"follow"},"og_locale":"fr_FR","og_type":"article","og_title":"Information relative \u00e0 l'entreprise - IXIL","og_description":"IXIL est pr\u00e9sent sur les 5 continents gr\u00e2ce \u00e0 un r\u00e9seau de distributeurs dans plus de 40 pays. IXIL est apparu sur le march\u00e9 en 1955 \u00e0 travers une entreprise familial situ\u00e9e au coeur de Barcelone. La rigueur de deux g\u00e9n\u00e9rations, une volont\u00e9 constante d&rsquo;offrir des produits de qualit\u00e9, un travail d&rsquo;\u00e9quipe dans la fabrication,&hellip;","og_url":"https:\/\/ixil2.cetrexmarketing.com\/fr\/information-relative-a-lentreprise\/","og_site_name":"IXIL","article_modified_time":"2026-04-15T11:08:41+00:00","og_image":[{"url":"https:\/\/ixil2.cetrexmarketing.com\/img\/cms\/IXIL_historia2.png","type":"","width":"","height":""}],"twitter_card":"summary_large_image","twitter_misc":{"Dur\u00e9e de lecture estim\u00e9e":"1 minute"},"schema":{"@context":"https:\/\/schema.org","@graph":[{"@type":"WebPage","@id":"https:\/\/ixil2.cetrexmarketing.com\/fr\/information-relative-a-lentreprise\/","url":"https:\/\/ixil2.cetrexmarketing.com\/fr\/information-relative-a-lentreprise\/","name":"Information relative \u00e0 l'entreprise - IXIL","isPartOf":{"@id":"https:\/\/ixil2.cetrexmarketing.com\/fr\/#website"},"primaryImageOfPage":{"@id":"https:\/\/ixil2.cetrexmarketing.com\/fr\/information-relative-a-lentreprise\/#primaryimage"},"image":{"@id":"https:\/\/ixil2.cetrexmarketing.com\/fr\/information-relative-a-lentreprise\/#primaryimage"},"thumbnailUrl":"https:\/\/ixil2.cetrexmarketing.com\/img\/cms\/IXIL_historia2.png","datePublished":"2026-04-15T11:08:40+00:00","dateModified":"2026-04-15T11:08:41+00:00","breadcrumb":{"@id":"https:\/\/ixil2.cetrexmarketing.com\/fr\/information-relative-a-lentreprise\/#breadcrumb"},"inLanguage":"fr-FR","potentialAction":[{"@type":"ReadAction","target":["https:\/\/ixil2.cetrexmarketing.com\/fr\/information-relative-a-lentreprise\/"]}]},{"@type":"ImageObject","inLanguage":"fr-FR","@id":"https:\/\/ixil2.cetrexmarketing.com\/fr\/information-relative-a-lentreprise\/#primaryimage","url":"https:\/\/ixil2.cetrexmarketing.com\/img\/cms\/IXIL_historia2.png","contentUrl":"https:\/\/ixil2.cetrexmarketing.com\/img\/cms\/IXIL_historia2.png"},{"@type":"BreadcrumbList","@id":"https:\/\/ixil2.cetrexmarketing.com\/fr\/information-relative-a-lentreprise\/#breadcrumb","itemListElement":[{"@type":"ListItem","position":1,"name":"Home","item":"https:\/\/ixil2.cetrexmarketing.com\/fr\/"},{"@type":"ListItem","position":2,"name":"Information relative \u00e0 l&#8217;entreprise"}]},{"@type":"WebSite","@id":"https:\/\/ixil2.cetrexmarketing.com\/fr\/#website","url":"https:\/\/ixil2.cetrexmarketing.com\/fr\/","name":"IXIL","description":"Tubos de escape Ixil - Escapes para Motos - IXIL EXHAUST - Talleres Vic S.A.","publisher":{"@id":"https:\/\/ixil2.cetrexmarketing.com\/fr\/#organization"},"potentialAction":[{"@type":"SearchAction","target":{"@type":"EntryPoint","urlTemplate":"https:\/\/ixil2.cetrexmarketing.com\/fr\/?s={search_term_string}"},"query-input":{"@type":"PropertyValueSpecification","valueRequired":true,"valueName":"search_term_string"}}],"inLanguage":"fr-FR"},{"@type":"Organization","@id":"https:\/\/ixil2.cetrexmarketing.com\/fr\/#organization","name":"IXIL","url":"https:\/\/ixil2.cetrexmarketing.com\/fr\/","logo":{"@type":"ImageObject","inLanguage":"fr-FR","@id":"https:\/\/ixil2.cetrexmarketing.com\/fr\/#\/schema\/logo\/image\/","url":"https:\/\/ixil2.cetrexmarketing.com\/wp-content\/uploads\/2026\/04\/logo_blanc.png","contentUrl":"https:\/\/ixil2.cetrexmarketing.com\/wp-content\/uploads\/2026\/04\/logo_blanc.png","width":838,"height":431,"caption":"IXIL"},"image":{"@id":"https:\/\/ixil2.cetrexmarketing.com\/fr\/#\/schema\/logo\/image\/"}}]}},"_links":{"self":[{"href":"https:\/\/ixil2.cetrexmarketing.com\/fr\/wp-json\/wp\/v2\/pages\/14745","targetHints":{"allow":["GET"]}}],"collection":[{"href":"https:\/\/ixil2.cetrexmarketing.com\/fr\/wp-json\/wp\/v2\/pages"}],"about":[{"href":"https:\/\/ixil2.cetrexmarketing.com\/fr\/wp-json\/wp\/v2\/types\/page"}],"author":[{"embeddable":true,"href":"https:\/\/ixil2.cetrexmarketing.com\/fr\/wp-json\/wp\/v2\/users\/1"}],"replies":[{"embeddable":true,"href":"https:\/\/ixil2.cetrexmarketing.com\/fr\/wp-json\/wp\/v2\/comments?post=14745"}],"version-history":[{"count":1,"href":"https:\/\/ixil2.cetrexmarketing.com\/fr\/wp-json\/wp\/v2\/pages\/14745\/revisions"}],"predecessor-version":[{"id":14748,"href":"https:\/\/ixil2.cetrexmarketing.com\/fr\/wp-json\/wp\/v2\/pages\/14745\/revisions\/14748"}],"wp:attachment":[{"href":"https:\/\/ixil2.cetrexmarketing.com\/fr\/wp-json\/wp\/v2\/media?parent=14745"}],"curies":[{"name":"wp","href":"https:\/\/api.w.org\/{rel}","templated":true}]}}