{"id":14044,"date":"2014-10-12T22:54:26","date_gmt":"2014-10-12T22:54:26","guid":{"rendered":"https:\/\/ixil2.cetrexmarketing.com\/proximamente\/"},"modified":"2014-10-12T22:54:26","modified_gmt":"2014-10-12T22:54:26","slug":"proximamente","status":"publish","type":"page","link":"https:\/\/ixil2.cetrexmarketing.com\/es\/proximamente\/","title":{"rendered":"pr\u00f3ximamente"},"content":{"rendered":"<div class=\"cs-bg-shadow\">\n<div><img decoding=\"async\" id=\"main_full_screen_bg\" src=\"http:\/\/192.168.1.91\/00_NEW_THEME\/09_PrestaShop_Q_Glori\/trunk\/furniture\/img\/cms\/bg-comming.jpg\" alt=\"\" \/><\/div>\n<div class=\"container\">\n<div id=\"maintenance\">\n<div class=\"logo\"><a href=\"http:\/\/192.168.1.91\/00_NEW_THEME\/09_PrestaShop_Q_Glori\/trunk\/furniture\/en\/\"><img loading=\"lazy\" decoding=\"async\" src=\"http:\/\/192.168.1.91\/00_NEW_THEME\/09_PrestaShop_Q_Glori\/trunk\/furniture\/img\/cms\/logo-mainten.jpg\" alt=\"logo\" width=\"156\" height=\"52\" \/><\/a><\/div>\n<div id=\"message\">\n<h1 class=\"maintenance-heading\">Nuestra p\u00e1gina web est\u00e1 casi terminada<\/h1>\n<h4 class=\"main-sub-heading\">TIEMPO RESTANTE HASTA SU LANZAMIENTO<\/h4>\n<div id=\"countdown_coming\" class=\"cs-timer clearfix\"><\/div>\n<p> <!-- Block Newsletter module--> <\/p>\n<div id=\"newsletter_block_left\">\n<h4 class=\"title-news\">Notif\u00edcame cuando est\u00e9 lista<\/h4>\n<div class=\"block_content\">\n<p class=\"desc-text\">Escriba su cuenta de correo electr\u00f3nico y le enviaremos un cup\u00f3n con un 10% de descuento sobre su pr\u00f3ximo pedido. A\u00f1ada cualquier texto aqu\u00ed<\/p>\n<div class=\"form-group\">\n<div class=\"cms-input\">Escriba su cuenta de correo electr\u00f3nico<\/div>\n<p> Enviar<\/p><\/div><\/div><\/div>\n<ul class=\"social-icon\">\n<li class=\"facebook\"><a title=\"facebook\" href=\"#\">f<\/a><\/li>\n<li class=\"twitter\"><a title=\"twitter\" href=\"#\">t<\/a><\/li>\n<li class=\"google\"><a title=\"google plus\" href=\"#\">g<\/a><\/li>\n<li class=\"instagram\"><a title=\"instagram\" href=\"#\">i<\/a><\/li>\n<li class=\"pinterest\"><a title=\"pinterest\" href=\"#\">p<\/a><\/li>\n<\/ul>\n<\/div><\/div><\/div><\/div>\n","protected":false},"excerpt":{"rendered":"<p>Nuestra p\u00e1gina web est\u00e1 casi terminada TIEMPO RESTANTE HASTA SU LANZAMIENTO Notif\u00edcame cuando est\u00e9 lista Escriba su cuenta de correo electr\u00f3nico y le enviaremos un cup\u00f3n con un 10% de descuento sobre su pr\u00f3ximo pedido. A\u00f1ada cualquier texto aqu\u00ed Escriba su cuenta de correo electr\u00f3nico Enviar f t g i p<\/p>\n","protected":false},"author":1,"featured_media":0,"parent":0,"menu_order":6,"comment_status":"closed","ping_status":"closed","template":"","meta":{"footnotes":""},"class_list":["post-14044","page","type-page","status-publish","hentry","entry","no-media"],"yoast_head":"<!-- This site is optimized with the Yoast SEO plugin v27.4 - https:\/\/yoast.com\/product\/yoast-seo-wordpress\/ -->\n<title>pr\u00f3ximamente - IXIL<\/title>\n<meta name=\"robots\" content=\"noindex, follow, max-snippet:-1, max-image-preview:large, max-video-preview:-1\" \/>\n<meta property=\"og:locale\" content=\"es_ES\" \/>\n<meta property=\"og:type\" content=\"article\" \/>\n<meta property=\"og:title\" content=\"pr\u00f3ximamente - IXIL\" \/>\n<meta property=\"og:description\" content=\"Nuestra p\u00e1gina web est\u00e1 casi terminada TIEMPO RESTANTE HASTA SU LANZAMIENTO Notif\u00edcame cuando est\u00e9 lista Escriba su cuenta de correo electr\u00f3nico y le enviaremos un cup\u00f3n con un 10% de descuento sobre su pr\u00f3ximo pedido. A\u00f1ada cualquier texto aqu\u00ed Escriba su cuenta de correo electr\u00f3nico Enviar f t g i p\" \/>\n<meta property=\"og:url\" content=\"https:\/\/ixil2.cetrexmarketing.com\/es\/proximamente\/\" \/>\n<meta property=\"og:site_name\" content=\"IXIL\" \/>\n<meta property=\"og:image\" content=\"http:\/\/192.168.1.91\/00_NEW_THEME\/09_PrestaShop_Q_Glori\/trunk\/furniture\/img\/cms\/bg-comming.jpg\" \/>\n<meta name=\"twitter:card\" content=\"summary_large_image\" \/>\n<script type=\"application\/ld+json\" class=\"yoast-schema-graph\">{\"@context\":\"https:\\\/\\\/schema.org\",\"@graph\":[{\"@type\":\"WebPage\",\"@id\":\"https:\\\/\\\/ixil2.cetrexmarketing.com\\\/es\\\/proximamente\\\/\",\"url\":\"https:\\\/\\\/ixil2.cetrexmarketing.com\\\/es\\\/proximamente\\\/\",\"name\":\"pr\u00f3ximamente - IXIL\",\"isPartOf\":{\"@id\":\"https:\\\/\\\/ixil2.cetrexmarketing.com\\\/es\\\/#website\"},\"primaryImageOfPage\":{\"@id\":\"https:\\\/\\\/ixil2.cetrexmarketing.com\\\/es\\\/proximamente\\\/#primaryimage\"},\"image\":{\"@id\":\"https:\\\/\\\/ixil2.cetrexmarketing.com\\\/es\\\/proximamente\\\/#primaryimage\"},\"thumbnailUrl\":\"http:\\\/\\\/192.168.1.91\\\/00_NEW_THEME\\\/09_PrestaShop_Q_Glori\\\/trunk\\\/furniture\\\/img\\\/cms\\\/bg-comming.jpg\",\"datePublished\":\"2014-10-12T22:54:26+00:00\",\"breadcrumb\":{\"@id\":\"https:\\\/\\\/ixil2.cetrexmarketing.com\\\/es\\\/proximamente\\\/#breadcrumb\"},\"inLanguage\":\"es\",\"potentialAction\":[{\"@type\":\"ReadAction\",\"target\":[\"https:\\\/\\\/ixil2.cetrexmarketing.com\\\/es\\\/proximamente\\\/\"]}]},{\"@type\":\"ImageObject\",\"inLanguage\":\"es\",\"@id\":\"https:\\\/\\\/ixil2.cetrexmarketing.com\\\/es\\\/proximamente\\\/#primaryimage\",\"url\":\"http:\\\/\\\/192.168.1.91\\\/00_NEW_THEME\\\/09_PrestaShop_Q_Glori\\\/trunk\\\/furniture\\\/img\\\/cms\\\/bg-comming.jpg\",\"contentUrl\":\"http:\\\/\\\/192.168.1.91\\\/00_NEW_THEME\\\/09_PrestaShop_Q_Glori\\\/trunk\\\/furniture\\\/img\\\/cms\\\/bg-comming.jpg\"},{\"@type\":\"BreadcrumbList\",\"@id\":\"https:\\\/\\\/ixil2.cetrexmarketing.com\\\/es\\\/proximamente\\\/#breadcrumb\",\"itemListElement\":[{\"@type\":\"ListItem\",\"position\":1,\"name\":\"Home\",\"item\":\"https:\\\/\\\/ixil2.cetrexmarketing.com\\\/es\\\/\"},{\"@type\":\"ListItem\",\"position\":2,\"name\":\"pr\u00f3ximamente\"}]},{\"@type\":\"WebSite\",\"@id\":\"https:\\\/\\\/ixil2.cetrexmarketing.com\\\/es\\\/#website\",\"url\":\"https:\\\/\\\/ixil2.cetrexmarketing.com\\\/es\\\/\",\"name\":\"IXIL\",\"description\":\"Tubos de escape Ixil - Escapes para Motos - IXIL EXHAUST - Talleres Vic S.A.\",\"publisher\":{\"@id\":\"https:\\\/\\\/ixil2.cetrexmarketing.com\\\/es\\\/#organization\"},\"potentialAction\":[{\"@type\":\"SearchAction\",\"target\":{\"@type\":\"EntryPoint\",\"urlTemplate\":\"https:\\\/\\\/ixil2.cetrexmarketing.com\\\/es\\\/?s={search_term_string}\"},\"query-input\":{\"@type\":\"PropertyValueSpecification\",\"valueRequired\":true,\"valueName\":\"search_term_string\"}}],\"inLanguage\":\"es\"},{\"@type\":\"Organization\",\"@id\":\"https:\\\/\\\/ixil2.cetrexmarketing.com\\\/es\\\/#organization\",\"name\":\"IXIL\",\"url\":\"https:\\\/\\\/ixil2.cetrexmarketing.com\\\/es\\\/\",\"logo\":{\"@type\":\"ImageObject\",\"inLanguage\":\"es\",\"@id\":\"https:\\\/\\\/ixil2.cetrexmarketing.com\\\/es\\\/#\\\/schema\\\/logo\\\/image\\\/\",\"url\":\"https:\\\/\\\/ixil2.cetrexmarketing.com\\\/wp-content\\\/uploads\\\/2026\\\/04\\\/logo_blanc.png\",\"contentUrl\":\"https:\\\/\\\/ixil2.cetrexmarketing.com\\\/wp-content\\\/uploads\\\/2026\\\/04\\\/logo_blanc.png\",\"width\":838,\"height\":431,\"caption\":\"IXIL\"},\"image\":{\"@id\":\"https:\\\/\\\/ixil2.cetrexmarketing.com\\\/es\\\/#\\\/schema\\\/logo\\\/image\\\/\"}}]}<\/script>\n<!-- \/ Yoast SEO plugin. -->","yoast_head_json":{"title":"pr\u00f3ximamente - IXIL","robots":{"index":"noindex","follow":"follow","max-snippet":"max-snippet:-1","max-image-preview":"max-image-preview:large","max-video-preview":"max-video-preview:-1"},"og_locale":"es_ES","og_type":"article","og_title":"pr\u00f3ximamente - IXIL","og_description":"Nuestra p\u00e1gina web est\u00e1 casi terminada TIEMPO RESTANTE HASTA SU LANZAMIENTO Notif\u00edcame cuando est\u00e9 lista Escriba su cuenta de correo electr\u00f3nico y le enviaremos un cup\u00f3n con un 10% de descuento sobre su pr\u00f3ximo pedido. A\u00f1ada cualquier texto aqu\u00ed Escriba su cuenta de correo electr\u00f3nico Enviar f t g i p","og_url":"https:\/\/ixil2.cetrexmarketing.com\/es\/proximamente\/","og_site_name":"IXIL","og_image":[{"url":"http:\/\/192.168.1.91\/00_NEW_THEME\/09_PrestaShop_Q_Glori\/trunk\/furniture\/img\/cms\/bg-comming.jpg","type":"","width":"","height":""}],"twitter_card":"summary_large_image","schema":{"@context":"https:\/\/schema.org","@graph":[{"@type":"WebPage","@id":"https:\/\/ixil2.cetrexmarketing.com\/es\/proximamente\/","url":"https:\/\/ixil2.cetrexmarketing.com\/es\/proximamente\/","name":"pr\u00f3ximamente - IXIL","isPartOf":{"@id":"https:\/\/ixil2.cetrexmarketing.com\/es\/#website"},"primaryImageOfPage":{"@id":"https:\/\/ixil2.cetrexmarketing.com\/es\/proximamente\/#primaryimage"},"image":{"@id":"https:\/\/ixil2.cetrexmarketing.com\/es\/proximamente\/#primaryimage"},"thumbnailUrl":"http:\/\/192.168.1.91\/00_NEW_THEME\/09_PrestaShop_Q_Glori\/trunk\/furniture\/img\/cms\/bg-comming.jpg","datePublished":"2014-10-12T22:54:26+00:00","breadcrumb":{"@id":"https:\/\/ixil2.cetrexmarketing.com\/es\/proximamente\/#breadcrumb"},"inLanguage":"es","potentialAction":[{"@type":"ReadAction","target":["https:\/\/ixil2.cetrexmarketing.com\/es\/proximamente\/"]}]},{"@type":"ImageObject","inLanguage":"es","@id":"https:\/\/ixil2.cetrexmarketing.com\/es\/proximamente\/#primaryimage","url":"http:\/\/192.168.1.91\/00_NEW_THEME\/09_PrestaShop_Q_Glori\/trunk\/furniture\/img\/cms\/bg-comming.jpg","contentUrl":"http:\/\/192.168.1.91\/00_NEW_THEME\/09_PrestaShop_Q_Glori\/trunk\/furniture\/img\/cms\/bg-comming.jpg"},{"@type":"BreadcrumbList","@id":"https:\/\/ixil2.cetrexmarketing.com\/es\/proximamente\/#breadcrumb","itemListElement":[{"@type":"ListItem","position":1,"name":"Home","item":"https:\/\/ixil2.cetrexmarketing.com\/es\/"},{"@type":"ListItem","position":2,"name":"pr\u00f3ximamente"}]},{"@type":"WebSite","@id":"https:\/\/ixil2.cetrexmarketing.com\/es\/#website","url":"https:\/\/ixil2.cetrexmarketing.com\/es\/","name":"IXIL","description":"Tubos de escape Ixil - Escapes para Motos - IXIL EXHAUST - Talleres Vic S.A.","publisher":{"@id":"https:\/\/ixil2.cetrexmarketing.com\/es\/#organization"},"potentialAction":[{"@type":"SearchAction","target":{"@type":"EntryPoint","urlTemplate":"https:\/\/ixil2.cetrexmarketing.com\/es\/?s={search_term_string}"},"query-input":{"@type":"PropertyValueSpecification","valueRequired":true,"valueName":"search_term_string"}}],"inLanguage":"es"},{"@type":"Organization","@id":"https:\/\/ixil2.cetrexmarketing.com\/es\/#organization","name":"IXIL","url":"https:\/\/ixil2.cetrexmarketing.com\/es\/","logo":{"@type":"ImageObject","inLanguage":"es","@id":"https:\/\/ixil2.cetrexmarketing.com\/es\/#\/schema\/logo\/image\/","url":"https:\/\/ixil2.cetrexmarketing.com\/wp-content\/uploads\/2026\/04\/logo_blanc.png","contentUrl":"https:\/\/ixil2.cetrexmarketing.com\/wp-content\/uploads\/2026\/04\/logo_blanc.png","width":838,"height":431,"caption":"IXIL"},"image":{"@id":"https:\/\/ixil2.cetrexmarketing.com\/es\/#\/schema\/logo\/image\/"}}]}},"_links":{"self":[{"href":"https:\/\/ixil2.cetrexmarketing.com\/es\/wp-json\/wp\/v2\/pages\/14044","targetHints":{"allow":["GET"]}}],"collection":[{"href":"https:\/\/ixil2.cetrexmarketing.com\/es\/wp-json\/wp\/v2\/pages"}],"about":[{"href":"https:\/\/ixil2.cetrexmarketing.com\/es\/wp-json\/wp\/v2\/types\/page"}],"author":[{"embeddable":true,"href":"https:\/\/ixil2.cetrexmarketing.com\/es\/wp-json\/wp\/v2\/users\/1"}],"replies":[{"embeddable":true,"href":"https:\/\/ixil2.cetrexmarketing.com\/es\/wp-json\/wp\/v2\/comments?post=14044"}],"version-history":[{"count":0,"href":"https:\/\/ixil2.cetrexmarketing.com\/es\/wp-json\/wp\/v2\/pages\/14044\/revisions"}],"wp:attachment":[{"href":"https:\/\/ixil2.cetrexmarketing.com\/es\/wp-json\/wp\/v2\/media?parent=14044"}],"curies":[{"name":"wp","href":"https:\/\/api.w.org\/{rel}","templated":true}]}}