{"id":14020,"date":"2014-10-12T22:54:26","date_gmt":"2014-10-12T22:54:26","guid":{"rendered":"https:\/\/ixil2.cetrexmarketing.com\/envio\/"},"modified":"2014-10-12T22:54:26","modified_gmt":"2014-10-12T22:54:26","slug":"envio","status":"publish","type":"page","link":"https:\/\/ixil2.cetrexmarketing.com\/es\/envio\/","title":{"rendered":"Env\u00edo"},"content":{"rendered":"<h1>Env\u00edos y devoluciones<\/h1>\n<p>\u00a0<\/p>\n<h3>Su paquete de env\u00edo<\/h3>\n<p>\u00a0<\/p>\n<p>\u00a0Los env\u00edos generalmente son despachados dentro de los dos d\u00edas posteriores al recibo de pago. El env\u00edo se hace v\u00eda UPS con seguimiento y entrega sin firma. Si usted prefiere un envi\u00f3 de UPS Extra con firma requerida se le a\u00f1adir\u00e1 un coste y, por lo tanto, por favor p\u00f3ngase en contacto con nosotros antes de elegir ese m\u00e9todo. Independientemente del m\u00e9todo de env\u00edo que usted elija, le proveeremos de un link desde el cual podr\u00e1 hacer un seguimiento de su env\u00edo online.<\/p>\n<p>\u00a0<\/p>\n<p>Las tasas de env\u00edo incluyen las tasas de empaquetamiento y manejo del producto as\u00ed como las tasas de sello. Las tasas de manejo son fijas mientras que las de transporte var\u00edan dependiendo del peso total del env\u00edo. Le aconsejamos que agrupe todos los \u00edtems en un solo orden. No se nos es permitido agrupar dos \u00f3rdenes distintas, y por lo tanto, las tasas de env\u00edo se aplicar\u00e1n a cada una de esas \u00f3rdenes. Tu paquete ser\u00e1 despachado bajo tu responsabilidad y riesgo, aunque tiene lugar un cuidado especial para proteger los objetos fr\u00e1giles.<\/p>\n<p>Las cajas son grandes y amplias para asegurar la buena protecci\u00f3n de tu paquete.<\/p>\n","protected":false},"excerpt":{"rendered":"<p>Env\u00edos y devoluciones \u00a0 Su paquete de env\u00edo \u00a0 \u00a0Los env\u00edos generalmente son despachados dentro de los dos d\u00edas posteriores al recibo de pago. El env\u00edo se hace v\u00eda UPS con seguimiento y entrega sin firma. Si usted prefiere un envi\u00f3 de UPS Extra con firma requerida se le a\u00f1adir\u00e1 un coste y, por lo&hellip;<\/p>\n","protected":false},"author":1,"featured_media":0,"parent":0,"menu_order":0,"comment_status":"closed","ping_status":"closed","template":"","meta":{"footnotes":""},"class_list":["post-14020","page","type-page","status-publish","hentry","entry","no-media"],"yoast_head":"<!-- This site is optimized with the Yoast SEO plugin v27.4 - https:\/\/yoast.com\/product\/yoast-seo-wordpress\/ -->\n<title>Env\u00edo - IXIL<\/title>\n<meta name=\"robots\" content=\"noindex, follow, max-snippet:-1, max-image-preview:large, max-video-preview:-1\" \/>\n<meta property=\"og:locale\" content=\"es_ES\" \/>\n<meta property=\"og:type\" content=\"article\" \/>\n<meta property=\"og:title\" content=\"Env\u00edo - IXIL\" \/>\n<meta property=\"og:description\" content=\"Env\u00edos y devoluciones \u00a0 Su paquete de env\u00edo \u00a0 \u00a0Los env\u00edos generalmente son despachados dentro de los dos d\u00edas posteriores al recibo de pago. El env\u00edo se hace v\u00eda UPS con seguimiento y entrega sin firma. Si usted prefiere un envi\u00f3 de UPS Extra con firma requerida se le a\u00f1adir\u00e1 un coste y, por lo&hellip;\" \/>\n<meta property=\"og:url\" content=\"https:\/\/ixil2.cetrexmarketing.com\/es\/envio\/\" \/>\n<meta property=\"og:site_name\" content=\"IXIL\" \/>\n<meta name=\"twitter:card\" content=\"summary_large_image\" \/>\n<meta name=\"twitter:label1\" content=\"Tiempo de lectura\" \/>\n\t<meta name=\"twitter:data1\" content=\"1 minuto\" \/>\n<script type=\"application\/ld+json\" class=\"yoast-schema-graph\">{\"@context\":\"https:\\\/\\\/schema.org\",\"@graph\":[{\"@type\":\"WebPage\",\"@id\":\"https:\\\/\\\/ixil2.cetrexmarketing.com\\\/es\\\/envio\\\/\",\"url\":\"https:\\\/\\\/ixil2.cetrexmarketing.com\\\/es\\\/envio\\\/\",\"name\":\"Env\u00edo - IXIL\",\"isPartOf\":{\"@id\":\"https:\\\/\\\/ixil2.cetrexmarketing.com\\\/es\\\/#website\"},\"datePublished\":\"2014-10-12T22:54:26+00:00\",\"breadcrumb\":{\"@id\":\"https:\\\/\\\/ixil2.cetrexmarketing.com\\\/es\\\/envio\\\/#breadcrumb\"},\"inLanguage\":\"es\",\"potentialAction\":[{\"@type\":\"ReadAction\",\"target\":[\"https:\\\/\\\/ixil2.cetrexmarketing.com\\\/es\\\/envio\\\/\"]}]},{\"@type\":\"BreadcrumbList\",\"@id\":\"https:\\\/\\\/ixil2.cetrexmarketing.com\\\/es\\\/envio\\\/#breadcrumb\",\"itemListElement\":[{\"@type\":\"ListItem\",\"position\":1,\"name\":\"Home\",\"item\":\"https:\\\/\\\/ixil2.cetrexmarketing.com\\\/es\\\/\"},{\"@type\":\"ListItem\",\"position\":2,\"name\":\"Env\u00edo\"}]},{\"@type\":\"WebSite\",\"@id\":\"https:\\\/\\\/ixil2.cetrexmarketing.com\\\/es\\\/#website\",\"url\":\"https:\\\/\\\/ixil2.cetrexmarketing.com\\\/es\\\/\",\"name\":\"IXIL\",\"description\":\"Tubos de escape Ixil - Escapes para Motos - IXIL EXHAUST - Talleres Vic S.A.\",\"publisher\":{\"@id\":\"https:\\\/\\\/ixil2.cetrexmarketing.com\\\/es\\\/#organization\"},\"potentialAction\":[{\"@type\":\"SearchAction\",\"target\":{\"@type\":\"EntryPoint\",\"urlTemplate\":\"https:\\\/\\\/ixil2.cetrexmarketing.com\\\/es\\\/?s={search_term_string}\"},\"query-input\":{\"@type\":\"PropertyValueSpecification\",\"valueRequired\":true,\"valueName\":\"search_term_string\"}}],\"inLanguage\":\"es\"},{\"@type\":\"Organization\",\"@id\":\"https:\\\/\\\/ixil2.cetrexmarketing.com\\\/es\\\/#organization\",\"name\":\"IXIL\",\"url\":\"https:\\\/\\\/ixil2.cetrexmarketing.com\\\/es\\\/\",\"logo\":{\"@type\":\"ImageObject\",\"inLanguage\":\"es\",\"@id\":\"https:\\\/\\\/ixil2.cetrexmarketing.com\\\/es\\\/#\\\/schema\\\/logo\\\/image\\\/\",\"url\":\"https:\\\/\\\/ixil2.cetrexmarketing.com\\\/wp-content\\\/uploads\\\/2026\\\/04\\\/logo_blanc.png\",\"contentUrl\":\"https:\\\/\\\/ixil2.cetrexmarketing.com\\\/wp-content\\\/uploads\\\/2026\\\/04\\\/logo_blanc.png\",\"width\":838,\"height\":431,\"caption\":\"IXIL\"},\"image\":{\"@id\":\"https:\\\/\\\/ixil2.cetrexmarketing.com\\\/es\\\/#\\\/schema\\\/logo\\\/image\\\/\"}}]}<\/script>\n<!-- \/ Yoast SEO plugin. -->","yoast_head_json":{"title":"Env\u00edo - IXIL","robots":{"index":"noindex","follow":"follow","max-snippet":"max-snippet:-1","max-image-preview":"max-image-preview:large","max-video-preview":"max-video-preview:-1"},"og_locale":"es_ES","og_type":"article","og_title":"Env\u00edo - IXIL","og_description":"Env\u00edos y devoluciones \u00a0 Su paquete de env\u00edo \u00a0 \u00a0Los env\u00edos generalmente son despachados dentro de los dos d\u00edas posteriores al recibo de pago. El env\u00edo se hace v\u00eda UPS con seguimiento y entrega sin firma. Si usted prefiere un envi\u00f3 de UPS Extra con firma requerida se le a\u00f1adir\u00e1 un coste y, por lo&hellip;","og_url":"https:\/\/ixil2.cetrexmarketing.com\/es\/envio\/","og_site_name":"IXIL","twitter_card":"summary_large_image","twitter_misc":{"Tiempo de lectura":"1 minuto"},"schema":{"@context":"https:\/\/schema.org","@graph":[{"@type":"WebPage","@id":"https:\/\/ixil2.cetrexmarketing.com\/es\/envio\/","url":"https:\/\/ixil2.cetrexmarketing.com\/es\/envio\/","name":"Env\u00edo - IXIL","isPartOf":{"@id":"https:\/\/ixil2.cetrexmarketing.com\/es\/#website"},"datePublished":"2014-10-12T22:54:26+00:00","breadcrumb":{"@id":"https:\/\/ixil2.cetrexmarketing.com\/es\/envio\/#breadcrumb"},"inLanguage":"es","potentialAction":[{"@type":"ReadAction","target":["https:\/\/ixil2.cetrexmarketing.com\/es\/envio\/"]}]},{"@type":"BreadcrumbList","@id":"https:\/\/ixil2.cetrexmarketing.com\/es\/envio\/#breadcrumb","itemListElement":[{"@type":"ListItem","position":1,"name":"Home","item":"https:\/\/ixil2.cetrexmarketing.com\/es\/"},{"@type":"ListItem","position":2,"name":"Env\u00edo"}]},{"@type":"WebSite","@id":"https:\/\/ixil2.cetrexmarketing.com\/es\/#website","url":"https:\/\/ixil2.cetrexmarketing.com\/es\/","name":"IXIL","description":"Tubos de escape Ixil - Escapes para Motos - IXIL EXHAUST - Talleres Vic S.A.","publisher":{"@id":"https:\/\/ixil2.cetrexmarketing.com\/es\/#organization"},"potentialAction":[{"@type":"SearchAction","target":{"@type":"EntryPoint","urlTemplate":"https:\/\/ixil2.cetrexmarketing.com\/es\/?s={search_term_string}"},"query-input":{"@type":"PropertyValueSpecification","valueRequired":true,"valueName":"search_term_string"}}],"inLanguage":"es"},{"@type":"Organization","@id":"https:\/\/ixil2.cetrexmarketing.com\/es\/#organization","name":"IXIL","url":"https:\/\/ixil2.cetrexmarketing.com\/es\/","logo":{"@type":"ImageObject","inLanguage":"es","@id":"https:\/\/ixil2.cetrexmarketing.com\/es\/#\/schema\/logo\/image\/","url":"https:\/\/ixil2.cetrexmarketing.com\/wp-content\/uploads\/2026\/04\/logo_blanc.png","contentUrl":"https:\/\/ixil2.cetrexmarketing.com\/wp-content\/uploads\/2026\/04\/logo_blanc.png","width":838,"height":431,"caption":"IXIL"},"image":{"@id":"https:\/\/ixil2.cetrexmarketing.com\/es\/#\/schema\/logo\/image\/"}}]}},"_links":{"self":[{"href":"https:\/\/ixil2.cetrexmarketing.com\/es\/wp-json\/wp\/v2\/pages\/14020","targetHints":{"allow":["GET"]}}],"collection":[{"href":"https:\/\/ixil2.cetrexmarketing.com\/es\/wp-json\/wp\/v2\/pages"}],"about":[{"href":"https:\/\/ixil2.cetrexmarketing.com\/es\/wp-json\/wp\/v2\/types\/page"}],"author":[{"embeddable":true,"href":"https:\/\/ixil2.cetrexmarketing.com\/es\/wp-json\/wp\/v2\/users\/1"}],"replies":[{"embeddable":true,"href":"https:\/\/ixil2.cetrexmarketing.com\/es\/wp-json\/wp\/v2\/comments?post=14020"}],"version-history":[{"count":0,"href":"https:\/\/ixil2.cetrexmarketing.com\/es\/wp-json\/wp\/v2\/pages\/14020\/revisions"}],"wp:attachment":[{"href":"https:\/\/ixil2.cetrexmarketing.com\/es\/wp-json\/wp\/v2\/media?parent=14020"}],"curies":[{"name":"wp","href":"https:\/\/api.w.org\/{rel}","templated":true}]}}