{"id":26432,"date":"2023-07-18T07:13:56","date_gmt":"2023-07-18T07:13:56","guid":{"rendered":"https:\/\/ixil2.cetrexmarketing.com\/producto\/rc-104\/"},"modified":"2023-07-18T07:13:56","modified_gmt":"2023-07-18T07:13:56","slug":"rc-104","status":"publish","type":"product","link":"https:\/\/ixil2.cetrexmarketing.com\/de\/producto\/rc-104\/","title":{"rendered":"RC"},"content":{"rendered":"<p>Der Schalld\u00e4mpfer, der im Edelstahl hergestellt wurde, beendete AISI 304. Konische hitzebest\u00e4ndige carbon endkappe in gl\u00e4nzendem finish.<\/p>\n","protected":false},"excerpt":{"rendered":"<p>FULL SYSTEM &#8211; RACE XTREM CARBON &#8211;\u00a0VOGE 125 R (LX125-54)<\/p>\n","protected":false},"featured_media":26425,"template":"","meta":[],"product_brand":[],"product_cat":[3175],"product_tag":[],"class_list":{"0":"post-26432","1":"product","2":"type-product","3":"status-publish","4":"has-post-thumbnail","6":"product_cat-125-r-lx125-54-de","7":"pa_bodyfinish-mattpolished","8":"pa_bodymaterial-inoxaisi304","9":"pa_ceapproval-no","10":"pa_length-230mm","11":"pa_logo-lasermarking","12":"pa_shape-conical","13":"pa_weight-1020gr","14":"entry","15":"has-media","17":"first","18":"instock","19":"taxable","20":"shipping-taxable","21":"purchasable","22":"product-type-simple"},"yoast_head":"<!-- This site is optimized with the Yoast SEO plugin v27.4 - https:\/\/yoast.com\/product\/yoast-seo-wordpress\/ -->\n<title>IXIL FULL SYSTEM RC RACE XTREM CARBON Auspuffrohr f\u00fcr VOGE 125 R (LX125-54)<\/title>\n<meta name=\"robots\" content=\"noindex, follow, max-snippet:-1, max-image-preview:large, max-video-preview:-1\" \/>\n<meta property=\"og:locale\" content=\"de_DE\" \/>\n<meta property=\"og:type\" content=\"article\" \/>\n<meta property=\"og:title\" content=\"IXIL FULL SYSTEM RC RACE XTREM CARBON Auspuffrohr f\u00fcr VOGE 125 R (LX125-54)\" \/>\n<meta property=\"og:description\" content=\"FULL SYSTEM - RACE XTREM CARBON -\u00a0VOGE 125 R (LX125-54)\" \/>\n<meta property=\"og:url\" content=\"https:\/\/ixil2.cetrexmarketing.com\/de\/producto\/rc-104\/\" \/>\n<meta property=\"og:site_name\" content=\"IXIL\" \/>\n<meta property=\"og:image\" content=\"https:\/\/ixil2.cetrexmarketing.com\/wp-content\/uploads\/2023\/07\/12594-thickbox_default-RC.jpg\" \/>\n\t<meta property=\"og:image:width\" content=\"810\" \/>\n\t<meta property=\"og:image:height\" content=\"810\" \/>\n\t<meta property=\"og:image:type\" content=\"image\/jpeg\" \/>\n<meta name=\"twitter:card\" content=\"summary_large_image\" \/>\n<script type=\"application\/ld+json\" class=\"yoast-schema-graph\">{\"@context\":\"https:\\\/\\\/schema.org\",\"@graph\":[{\"@type\":\"WebPage\",\"@id\":\"https:\\\/\\\/ixil2.cetrexmarketing.com\\\/de\\\/producto\\\/rc-104\\\/\",\"url\":\"https:\\\/\\\/ixil2.cetrexmarketing.com\\\/de\\\/producto\\\/rc-104\\\/\",\"name\":\"IXIL FULL SYSTEM RC RACE XTREM CARBON Auspuffrohr f\u00fcr VOGE 125 R (LX125-54)\",\"isPartOf\":{\"@id\":\"https:\\\/\\\/ixil2.cetrexmarketing.com\\\/de\\\/#website\"},\"primaryImageOfPage\":{\"@id\":\"https:\\\/\\\/ixil2.cetrexmarketing.com\\\/de\\\/producto\\\/rc-104\\\/#primaryimage\"},\"image\":{\"@id\":\"https:\\\/\\\/ixil2.cetrexmarketing.com\\\/de\\\/producto\\\/rc-104\\\/#primaryimage\"},\"thumbnailUrl\":\"https:\\\/\\\/ixil2.cetrexmarketing.com\\\/wp-content\\\/uploads\\\/2023\\\/07\\\/12594-thickbox_default-RC.jpg\",\"datePublished\":\"2023-07-18T07:13:56+00:00\",\"breadcrumb\":{\"@id\":\"https:\\\/\\\/ixil2.cetrexmarketing.com\\\/de\\\/producto\\\/rc-104\\\/#breadcrumb\"},\"inLanguage\":\"de\",\"potentialAction\":[{\"@type\":\"ReadAction\",\"target\":[\"https:\\\/\\\/ixil2.cetrexmarketing.com\\\/de\\\/producto\\\/rc-104\\\/\"]}]},{\"@type\":\"ImageObject\",\"inLanguage\":\"de\",\"@id\":\"https:\\\/\\\/ixil2.cetrexmarketing.com\\\/de\\\/producto\\\/rc-104\\\/#primaryimage\",\"url\":\"https:\\\/\\\/ixil2.cetrexmarketing.com\\\/wp-content\\\/uploads\\\/2023\\\/07\\\/12594-thickbox_default-RC.jpg\",\"contentUrl\":\"https:\\\/\\\/ixil2.cetrexmarketing.com\\\/wp-content\\\/uploads\\\/2023\\\/07\\\/12594-thickbox_default-RC.jpg\",\"width\":810,\"height\":810,\"caption\":\"RC\"},{\"@type\":\"BreadcrumbList\",\"@id\":\"https:\\\/\\\/ixil2.cetrexmarketing.com\\\/de\\\/producto\\\/rc-104\\\/#breadcrumb\",\"itemListElement\":[{\"@type\":\"ListItem\",\"position\":1,\"name\":\"Home\",\"item\":\"https:\\\/\\\/ixil2.cetrexmarketing.com\\\/de\\\/\"},{\"@type\":\"ListItem\",\"position\":2,\"name\":\"Produkte\",\"item\":\"https:\\\/\\\/ixil2.cetrexmarketing.com\\\/de\\\/shop\\\/\"},{\"@type\":\"ListItem\",\"position\":3,\"name\":\"RC\"}]},{\"@type\":\"WebSite\",\"@id\":\"https:\\\/\\\/ixil2.cetrexmarketing.com\\\/de\\\/#website\",\"url\":\"https:\\\/\\\/ixil2.cetrexmarketing.com\\\/de\\\/\",\"name\":\"IXIL\",\"description\":\"Tubos de escape Ixil - Escapes para Motos - IXIL EXHAUST - Talleres Vic S.A.\",\"publisher\":{\"@id\":\"https:\\\/\\\/ixil2.cetrexmarketing.com\\\/de\\\/#organization\"},\"potentialAction\":[{\"@type\":\"SearchAction\",\"target\":{\"@type\":\"EntryPoint\",\"urlTemplate\":\"https:\\\/\\\/ixil2.cetrexmarketing.com\\\/de\\\/?s={search_term_string}\"},\"query-input\":{\"@type\":\"PropertyValueSpecification\",\"valueRequired\":true,\"valueName\":\"search_term_string\"}}],\"inLanguage\":\"de\"},{\"@type\":\"Organization\",\"@id\":\"https:\\\/\\\/ixil2.cetrexmarketing.com\\\/de\\\/#organization\",\"name\":\"IXIL\",\"url\":\"https:\\\/\\\/ixil2.cetrexmarketing.com\\\/de\\\/\",\"logo\":{\"@type\":\"ImageObject\",\"inLanguage\":\"de\",\"@id\":\"https:\\\/\\\/ixil2.cetrexmarketing.com\\\/de\\\/#\\\/schema\\\/logo\\\/image\\\/\",\"url\":\"https:\\\/\\\/ixil2.cetrexmarketing.com\\\/wp-content\\\/uploads\\\/2026\\\/04\\\/logo_blanc.png\",\"contentUrl\":\"https:\\\/\\\/ixil2.cetrexmarketing.com\\\/wp-content\\\/uploads\\\/2026\\\/04\\\/logo_blanc.png\",\"width\":838,\"height\":431,\"caption\":\"IXIL\"},\"image\":{\"@id\":\"https:\\\/\\\/ixil2.cetrexmarketing.com\\\/de\\\/#\\\/schema\\\/logo\\\/image\\\/\"}}]}<\/script>\n<!-- \/ Yoast SEO plugin. -->","yoast_head_json":{"title":"IXIL FULL SYSTEM RC RACE XTREM CARBON Auspuffrohr f\u00fcr VOGE 125 R (LX125-54)","robots":{"index":"noindex","follow":"follow","max-snippet":"max-snippet:-1","max-image-preview":"max-image-preview:large","max-video-preview":"max-video-preview:-1"},"og_locale":"de_DE","og_type":"article","og_title":"IXIL FULL SYSTEM RC RACE XTREM CARBON Auspuffrohr f\u00fcr VOGE 125 R (LX125-54)","og_description":"FULL SYSTEM - RACE XTREM CARBON -\u00a0VOGE 125 R (LX125-54)","og_url":"https:\/\/ixil2.cetrexmarketing.com\/de\/producto\/rc-104\/","og_site_name":"IXIL","og_image":[{"width":810,"height":810,"url":"https:\/\/ixil2.cetrexmarketing.com\/wp-content\/uploads\/2023\/07\/12594-thickbox_default-RC.jpg","type":"image\/jpeg"}],"twitter_card":"summary_large_image","schema":{"@context":"https:\/\/schema.org","@graph":[{"@type":"WebPage","@id":"https:\/\/ixil2.cetrexmarketing.com\/de\/producto\/rc-104\/","url":"https:\/\/ixil2.cetrexmarketing.com\/de\/producto\/rc-104\/","name":"IXIL FULL SYSTEM RC RACE XTREM CARBON Auspuffrohr f\u00fcr VOGE 125 R (LX125-54)","isPartOf":{"@id":"https:\/\/ixil2.cetrexmarketing.com\/de\/#website"},"primaryImageOfPage":{"@id":"https:\/\/ixil2.cetrexmarketing.com\/de\/producto\/rc-104\/#primaryimage"},"image":{"@id":"https:\/\/ixil2.cetrexmarketing.com\/de\/producto\/rc-104\/#primaryimage"},"thumbnailUrl":"https:\/\/ixil2.cetrexmarketing.com\/wp-content\/uploads\/2023\/07\/12594-thickbox_default-RC.jpg","datePublished":"2023-07-18T07:13:56+00:00","breadcrumb":{"@id":"https:\/\/ixil2.cetrexmarketing.com\/de\/producto\/rc-104\/#breadcrumb"},"inLanguage":"de","potentialAction":[{"@type":"ReadAction","target":["https:\/\/ixil2.cetrexmarketing.com\/de\/producto\/rc-104\/"]}]},{"@type":"ImageObject","inLanguage":"de","@id":"https:\/\/ixil2.cetrexmarketing.com\/de\/producto\/rc-104\/#primaryimage","url":"https:\/\/ixil2.cetrexmarketing.com\/wp-content\/uploads\/2023\/07\/12594-thickbox_default-RC.jpg","contentUrl":"https:\/\/ixil2.cetrexmarketing.com\/wp-content\/uploads\/2023\/07\/12594-thickbox_default-RC.jpg","width":810,"height":810,"caption":"RC"},{"@type":"BreadcrumbList","@id":"https:\/\/ixil2.cetrexmarketing.com\/de\/producto\/rc-104\/#breadcrumb","itemListElement":[{"@type":"ListItem","position":1,"name":"Home","item":"https:\/\/ixil2.cetrexmarketing.com\/de\/"},{"@type":"ListItem","position":2,"name":"Produkte","item":"https:\/\/ixil2.cetrexmarketing.com\/de\/shop\/"},{"@type":"ListItem","position":3,"name":"RC"}]},{"@type":"WebSite","@id":"https:\/\/ixil2.cetrexmarketing.com\/de\/#website","url":"https:\/\/ixil2.cetrexmarketing.com\/de\/","name":"IXIL","description":"Tubos de escape Ixil - Escapes para Motos - IXIL EXHAUST - Talleres Vic S.A.","publisher":{"@id":"https:\/\/ixil2.cetrexmarketing.com\/de\/#organization"},"potentialAction":[{"@type":"SearchAction","target":{"@type":"EntryPoint","urlTemplate":"https:\/\/ixil2.cetrexmarketing.com\/de\/?s={search_term_string}"},"query-input":{"@type":"PropertyValueSpecification","valueRequired":true,"valueName":"search_term_string"}}],"inLanguage":"de"},{"@type":"Organization","@id":"https:\/\/ixil2.cetrexmarketing.com\/de\/#organization","name":"IXIL","url":"https:\/\/ixil2.cetrexmarketing.com\/de\/","logo":{"@type":"ImageObject","inLanguage":"de","@id":"https:\/\/ixil2.cetrexmarketing.com\/de\/#\/schema\/logo\/image\/","url":"https:\/\/ixil2.cetrexmarketing.com\/wp-content\/uploads\/2026\/04\/logo_blanc.png","contentUrl":"https:\/\/ixil2.cetrexmarketing.com\/wp-content\/uploads\/2026\/04\/logo_blanc.png","width":838,"height":431,"caption":"IXIL"},"image":{"@id":"https:\/\/ixil2.cetrexmarketing.com\/de\/#\/schema\/logo\/image\/"}}]}},"_links":{"self":[{"href":"https:\/\/ixil2.cetrexmarketing.com\/de\/wp-json\/wp\/v2\/product\/26432","targetHints":{"allow":["GET"]}}],"collection":[{"href":"https:\/\/ixil2.cetrexmarketing.com\/de\/wp-json\/wp\/v2\/product"}],"about":[{"href":"https:\/\/ixil2.cetrexmarketing.com\/de\/wp-json\/wp\/v2\/types\/product"}],"wp:featuredmedia":[{"embeddable":true,"href":"https:\/\/ixil2.cetrexmarketing.com\/de\/wp-json\/wp\/v2\/media\/26425"}],"wp:attachment":[{"href":"https:\/\/ixil2.cetrexmarketing.com\/de\/wp-json\/wp\/v2\/media?parent=26432"}],"wp:term":[{"taxonomy":"product_brand","embeddable":true,"href":"https:\/\/ixil2.cetrexmarketing.com\/de\/wp-json\/wp\/v2\/product_brand?post=26432"},{"taxonomy":"product_cat","embeddable":true,"href":"https:\/\/ixil2.cetrexmarketing.com\/de\/wp-json\/wp\/v2\/product_cat?post=26432"},{"taxonomy":"product_tag","embeddable":true,"href":"https:\/\/ixil2.cetrexmarketing.com\/de\/wp-json\/wp\/v2\/product_tag?post=26432"}],"curies":[{"name":"wp","href":"https:\/\/api.w.org\/{rel}","templated":true}]}}