{"id":21827,"date":"2020-06-09T10:52:13","date_gmt":"2020-06-09T10:52:13","guid":{"rendered":"https:\/\/ixil2.cetrexmarketing.com\/producto\/dkat-18\/"},"modified":"2020-06-09T10:52:13","modified_gmt":"2020-06-09T10:52:13","slug":"dkat-18","status":"publish","type":"product","link":"https:\/\/ixil2.cetrexmarketing.com\/de\/producto\/dkat-18\/","title":{"rendered":"DKAT"},"content":{"rendered":"<p>Ersatzrohr f\u00fcr den katalysator hergestellt aus rostfreiem AISI304 stahl mit seidenmatt polierter oberfl\u00e4che. Dieses produkt wurde exklusiv f\u00fcr die nutzung auf geschlossenen rennstrecken entwickelt.<\/p>\n","protected":false},"excerpt":{"rendered":"<p>DKAT &#8211; FULL COLECTOR &#8211; CATALYST SUPPRESSOR &#8211;\u00a0SUZUKI GSX-S 1000 \/ GSX-F 1000 \/ KATANA<\/p>\n","protected":false},"featured_media":21821,"template":"","meta":[],"product_brand":[],"product_cat":[4976,4992,4865],"product_tag":[],"class_list":{"0":"post-21827","1":"product","2":"type-product","3":"status-publish","4":"has-post-thumbnail","6":"product_cat-gsx-1000-s-f-15-16-dg-de","7":"product_cat-gsx-1000-s-f-17-20-wdg0-de","8":"product_cat-katana-1000-19-20-wdg0-de","9":"pa_bodyfinish-mattpolished","10":"pa_bodymaterial-inoxaisi304","11":"pa_ceapproval-no","12":"pa_finishoutput-mattpolished","13":"pa_logo-no","14":"pa_outputmaterial-inoxaisi304","15":"pa_weight-4280gr","16":"entry","17":"has-media","19":"first","20":"instock","21":"taxable","22":"shipping-taxable","23":"purchasable","24":"product-type-simple"},"yoast_head":"<!-- This site is optimized with the Yoast SEO plugin v27.4 - https:\/\/yoast.com\/product\/yoast-seo-wordpress\/ -->\n<title>IXIL DKAT - FULL COLECTOR DKAT CATALYST SUPPRESSOR Auspuffrohr f\u00fcr SUZUKI GSX-S 1000 \/ GSX-F 1000 \/ KATANA<\/title>\n<meta name=\"robots\" content=\"noindex, follow, max-snippet:-1, max-image-preview:large, max-video-preview:-1\" \/>\n<meta property=\"og:locale\" content=\"de_DE\" \/>\n<meta property=\"og:type\" content=\"article\" \/>\n<meta property=\"og:title\" content=\"IXIL DKAT - FULL COLECTOR DKAT CATALYST SUPPRESSOR Auspuffrohr f\u00fcr SUZUKI GSX-S 1000 \/ GSX-F 1000 \/ KATANA\" \/>\n<meta property=\"og:description\" content=\"DKAT - FULL COLECTOR - CATALYST SUPPRESSOR -\u00a0SUZUKI GSX-S 1000 \/ GSX-F 1000 \/ KATANA\" \/>\n<meta property=\"og:url\" content=\"https:\/\/ixil2.cetrexmarketing.com\/de\/producto\/dkat-18\/\" \/>\n<meta property=\"og:site_name\" content=\"IXIL\" \/>\n<meta property=\"og:image\" content=\"https:\/\/ixil2.cetrexmarketing.com\/wp-content\/uploads\/2020\/06\/7596-thickbox_default-DKAT.jpg\" \/>\n\t<meta property=\"og:image:width\" content=\"810\" \/>\n\t<meta property=\"og:image:height\" content=\"810\" \/>\n\t<meta property=\"og:image:type\" content=\"image\/jpeg\" \/>\n<meta name=\"twitter:card\" content=\"summary_large_image\" \/>\n<script type=\"application\/ld+json\" class=\"yoast-schema-graph\">{\"@context\":\"https:\\\/\\\/schema.org\",\"@graph\":[{\"@type\":\"WebPage\",\"@id\":\"https:\\\/\\\/ixil2.cetrexmarketing.com\\\/de\\\/producto\\\/dkat-18\\\/\",\"url\":\"https:\\\/\\\/ixil2.cetrexmarketing.com\\\/de\\\/producto\\\/dkat-18\\\/\",\"name\":\"IXIL DKAT - FULL COLECTOR DKAT CATALYST SUPPRESSOR Auspuffrohr f\u00fcr SUZUKI GSX-S 1000 \\\/ GSX-F 1000 \\\/ KATANA\",\"isPartOf\":{\"@id\":\"https:\\\/\\\/ixil2.cetrexmarketing.com\\\/de\\\/#website\"},\"primaryImageOfPage\":{\"@id\":\"https:\\\/\\\/ixil2.cetrexmarketing.com\\\/de\\\/producto\\\/dkat-18\\\/#primaryimage\"},\"image\":{\"@id\":\"https:\\\/\\\/ixil2.cetrexmarketing.com\\\/de\\\/producto\\\/dkat-18\\\/#primaryimage\"},\"thumbnailUrl\":\"https:\\\/\\\/ixil2.cetrexmarketing.com\\\/wp-content\\\/uploads\\\/2020\\\/06\\\/7596-thickbox_default-DKAT.jpg\",\"datePublished\":\"2020-06-09T10:52:13+00:00\",\"breadcrumb\":{\"@id\":\"https:\\\/\\\/ixil2.cetrexmarketing.com\\\/de\\\/producto\\\/dkat-18\\\/#breadcrumb\"},\"inLanguage\":\"de\",\"potentialAction\":[{\"@type\":\"ReadAction\",\"target\":[\"https:\\\/\\\/ixil2.cetrexmarketing.com\\\/de\\\/producto\\\/dkat-18\\\/\"]}]},{\"@type\":\"ImageObject\",\"inLanguage\":\"de\",\"@id\":\"https:\\\/\\\/ixil2.cetrexmarketing.com\\\/de\\\/producto\\\/dkat-18\\\/#primaryimage\",\"url\":\"https:\\\/\\\/ixil2.cetrexmarketing.com\\\/wp-content\\\/uploads\\\/2020\\\/06\\\/7596-thickbox_default-DKAT.jpg\",\"contentUrl\":\"https:\\\/\\\/ixil2.cetrexmarketing.com\\\/wp-content\\\/uploads\\\/2020\\\/06\\\/7596-thickbox_default-DKAT.jpg\",\"width\":810,\"height\":810,\"caption\":\"DKAT\"},{\"@type\":\"BreadcrumbList\",\"@id\":\"https:\\\/\\\/ixil2.cetrexmarketing.com\\\/de\\\/producto\\\/dkat-18\\\/#breadcrumb\",\"itemListElement\":[{\"@type\":\"ListItem\",\"position\":1,\"name\":\"Home\",\"item\":\"https:\\\/\\\/ixil2.cetrexmarketing.com\\\/de\\\/\"},{\"@type\":\"ListItem\",\"position\":2,\"name\":\"Produkte\",\"item\":\"https:\\\/\\\/ixil2.cetrexmarketing.com\\\/de\\\/shop\\\/\"},{\"@type\":\"ListItem\",\"position\":3,\"name\":\"DKAT\"}]},{\"@type\":\"WebSite\",\"@id\":\"https:\\\/\\\/ixil2.cetrexmarketing.com\\\/de\\\/#website\",\"url\":\"https:\\\/\\\/ixil2.cetrexmarketing.com\\\/de\\\/\",\"name\":\"IXIL\",\"description\":\"Tubos de escape Ixil - Escapes para Motos - IXIL EXHAUST - Talleres Vic S.A.\",\"publisher\":{\"@id\":\"https:\\\/\\\/ixil2.cetrexmarketing.com\\\/de\\\/#organization\"},\"potentialAction\":[{\"@type\":\"SearchAction\",\"target\":{\"@type\":\"EntryPoint\",\"urlTemplate\":\"https:\\\/\\\/ixil2.cetrexmarketing.com\\\/de\\\/?s={search_term_string}\"},\"query-input\":{\"@type\":\"PropertyValueSpecification\",\"valueRequired\":true,\"valueName\":\"search_term_string\"}}],\"inLanguage\":\"de\"},{\"@type\":\"Organization\",\"@id\":\"https:\\\/\\\/ixil2.cetrexmarketing.com\\\/de\\\/#organization\",\"name\":\"IXIL\",\"url\":\"https:\\\/\\\/ixil2.cetrexmarketing.com\\\/de\\\/\",\"logo\":{\"@type\":\"ImageObject\",\"inLanguage\":\"de\",\"@id\":\"https:\\\/\\\/ixil2.cetrexmarketing.com\\\/de\\\/#\\\/schema\\\/logo\\\/image\\\/\",\"url\":\"https:\\\/\\\/ixil2.cetrexmarketing.com\\\/wp-content\\\/uploads\\\/2026\\\/04\\\/logo_blanc.png\",\"contentUrl\":\"https:\\\/\\\/ixil2.cetrexmarketing.com\\\/wp-content\\\/uploads\\\/2026\\\/04\\\/logo_blanc.png\",\"width\":838,\"height\":431,\"caption\":\"IXIL\"},\"image\":{\"@id\":\"https:\\\/\\\/ixil2.cetrexmarketing.com\\\/de\\\/#\\\/schema\\\/logo\\\/image\\\/\"}}]}<\/script>\n<!-- \/ Yoast SEO plugin. -->","yoast_head_json":{"title":"IXIL DKAT - FULL COLECTOR DKAT CATALYST SUPPRESSOR Auspuffrohr f\u00fcr SUZUKI GSX-S 1000 \/ GSX-F 1000 \/ KATANA","robots":{"index":"noindex","follow":"follow","max-snippet":"max-snippet:-1","max-image-preview":"max-image-preview:large","max-video-preview":"max-video-preview:-1"},"og_locale":"de_DE","og_type":"article","og_title":"IXIL DKAT - FULL COLECTOR DKAT CATALYST SUPPRESSOR Auspuffrohr f\u00fcr SUZUKI GSX-S 1000 \/ GSX-F 1000 \/ KATANA","og_description":"DKAT - FULL COLECTOR - CATALYST SUPPRESSOR -\u00a0SUZUKI GSX-S 1000 \/ GSX-F 1000 \/ KATANA","og_url":"https:\/\/ixil2.cetrexmarketing.com\/de\/producto\/dkat-18\/","og_site_name":"IXIL","og_image":[{"width":810,"height":810,"url":"https:\/\/ixil2.cetrexmarketing.com\/wp-content\/uploads\/2020\/06\/7596-thickbox_default-DKAT.jpg","type":"image\/jpeg"}],"twitter_card":"summary_large_image","schema":{"@context":"https:\/\/schema.org","@graph":[{"@type":"WebPage","@id":"https:\/\/ixil2.cetrexmarketing.com\/de\/producto\/dkat-18\/","url":"https:\/\/ixil2.cetrexmarketing.com\/de\/producto\/dkat-18\/","name":"IXIL DKAT - FULL COLECTOR DKAT CATALYST SUPPRESSOR Auspuffrohr f\u00fcr SUZUKI GSX-S 1000 \/ GSX-F 1000 \/ KATANA","isPartOf":{"@id":"https:\/\/ixil2.cetrexmarketing.com\/de\/#website"},"primaryImageOfPage":{"@id":"https:\/\/ixil2.cetrexmarketing.com\/de\/producto\/dkat-18\/#primaryimage"},"image":{"@id":"https:\/\/ixil2.cetrexmarketing.com\/de\/producto\/dkat-18\/#primaryimage"},"thumbnailUrl":"https:\/\/ixil2.cetrexmarketing.com\/wp-content\/uploads\/2020\/06\/7596-thickbox_default-DKAT.jpg","datePublished":"2020-06-09T10:52:13+00:00","breadcrumb":{"@id":"https:\/\/ixil2.cetrexmarketing.com\/de\/producto\/dkat-18\/#breadcrumb"},"inLanguage":"de","potentialAction":[{"@type":"ReadAction","target":["https:\/\/ixil2.cetrexmarketing.com\/de\/producto\/dkat-18\/"]}]},{"@type":"ImageObject","inLanguage":"de","@id":"https:\/\/ixil2.cetrexmarketing.com\/de\/producto\/dkat-18\/#primaryimage","url":"https:\/\/ixil2.cetrexmarketing.com\/wp-content\/uploads\/2020\/06\/7596-thickbox_default-DKAT.jpg","contentUrl":"https:\/\/ixil2.cetrexmarketing.com\/wp-content\/uploads\/2020\/06\/7596-thickbox_default-DKAT.jpg","width":810,"height":810,"caption":"DKAT"},{"@type":"BreadcrumbList","@id":"https:\/\/ixil2.cetrexmarketing.com\/de\/producto\/dkat-18\/#breadcrumb","itemListElement":[{"@type":"ListItem","position":1,"name":"Home","item":"https:\/\/ixil2.cetrexmarketing.com\/de\/"},{"@type":"ListItem","position":2,"name":"Produkte","item":"https:\/\/ixil2.cetrexmarketing.com\/de\/shop\/"},{"@type":"ListItem","position":3,"name":"DKAT"}]},{"@type":"WebSite","@id":"https:\/\/ixil2.cetrexmarketing.com\/de\/#website","url":"https:\/\/ixil2.cetrexmarketing.com\/de\/","name":"IXIL","description":"Tubos de escape Ixil - Escapes para Motos - IXIL EXHAUST - Talleres Vic S.A.","publisher":{"@id":"https:\/\/ixil2.cetrexmarketing.com\/de\/#organization"},"potentialAction":[{"@type":"SearchAction","target":{"@type":"EntryPoint","urlTemplate":"https:\/\/ixil2.cetrexmarketing.com\/de\/?s={search_term_string}"},"query-input":{"@type":"PropertyValueSpecification","valueRequired":true,"valueName":"search_term_string"}}],"inLanguage":"de"},{"@type":"Organization","@id":"https:\/\/ixil2.cetrexmarketing.com\/de\/#organization","name":"IXIL","url":"https:\/\/ixil2.cetrexmarketing.com\/de\/","logo":{"@type":"ImageObject","inLanguage":"de","@id":"https:\/\/ixil2.cetrexmarketing.com\/de\/#\/schema\/logo\/image\/","url":"https:\/\/ixil2.cetrexmarketing.com\/wp-content\/uploads\/2026\/04\/logo_blanc.png","contentUrl":"https:\/\/ixil2.cetrexmarketing.com\/wp-content\/uploads\/2026\/04\/logo_blanc.png","width":838,"height":431,"caption":"IXIL"},"image":{"@id":"https:\/\/ixil2.cetrexmarketing.com\/de\/#\/schema\/logo\/image\/"}}]}},"_links":{"self":[{"href":"https:\/\/ixil2.cetrexmarketing.com\/de\/wp-json\/wp\/v2\/product\/21827","targetHints":{"allow":["GET"]}}],"collection":[{"href":"https:\/\/ixil2.cetrexmarketing.com\/de\/wp-json\/wp\/v2\/product"}],"about":[{"href":"https:\/\/ixil2.cetrexmarketing.com\/de\/wp-json\/wp\/v2\/types\/product"}],"wp:featuredmedia":[{"embeddable":true,"href":"https:\/\/ixil2.cetrexmarketing.com\/de\/wp-json\/wp\/v2\/media\/21821"}],"wp:attachment":[{"href":"https:\/\/ixil2.cetrexmarketing.com\/de\/wp-json\/wp\/v2\/media?parent=21827"}],"wp:term":[{"taxonomy":"product_brand","embeddable":true,"href":"https:\/\/ixil2.cetrexmarketing.com\/de\/wp-json\/wp\/v2\/product_brand?post=21827"},{"taxonomy":"product_cat","embeddable":true,"href":"https:\/\/ixil2.cetrexmarketing.com\/de\/wp-json\/wp\/v2\/product_cat?post=21827"},{"taxonomy":"product_tag","embeddable":true,"href":"https:\/\/ixil2.cetrexmarketing.com\/de\/wp-json\/wp\/v2\/product_tag?post=21827"}],"curies":[{"name":"wp","href":"https:\/\/api.w.org\/{rel}","templated":true}]}}