{"id":21680,"date":"2020-02-24T17:48:52","date_gmt":"2020-02-24T17:48:52","guid":{"rendered":"https:\/\/ixil2.cetrexmarketing.com\/producto\/bg013bk\/"},"modified":"2020-02-24T17:48:52","modified_gmt":"2020-02-24T17:48:52","slug":"bg013bk","status":"publish","type":"product","link":"https:\/\/ixil2.cetrexmarketing.com\/de\/producto\/bg013bk\/","title":{"rendered":"BG013BK"},"content":{"rendered":"<p>Wasserdichte Motorradtasche mit wasserdichtem Rei\u00dfverschluss und seitlichen Reflektoren. 30 Liter Inhalt Beinhaltet 2 Ringe auf jeder Seite zur Befestigung am Motorrad oder anderen. Enth\u00e4lt ein Bel\u00fcftungsventil. Extrem widerstandsf\u00e4higes TPU-Material. Verstellbarer gepolsterter Schultergurt und 4 Gurte zur sicheren Befestigung am Motorrad. Kombinationsbereit am Koffer BG015BK oder an einem anderen BG013BK durch die 4 Befestigungspunkte.<\/p>\n","protected":false},"excerpt":{"rendered":"<p>WATERPROOF BAG 30 L. BLACK<\/p>\n","protected":false},"featured_media":21673,"template":"","meta":[],"product_brand":[],"product_cat":[2851],"product_tag":[],"class_list":{"0":"post-21680","1":"product","2":"type-product","3":"status-publish","4":"has-post-thumbnail","6":"product_cat-waterproof-bags-de","7":"pa_material-blacktpu","8":"pa_measurements-500mm","9":"entry","10":"has-media","12":"first","13":"instock","14":"sale","15":"taxable","16":"shipping-taxable","17":"purchasable","18":"product-type-simple"},"yoast_head":"<!-- This site is optimized with the Yoast SEO plugin v27.4 - https:\/\/yoast.com\/product\/yoast-seo-wordpress\/ -->\n<title>BG013BK - IXIL<\/title>\n<meta name=\"robots\" content=\"noindex, follow, max-snippet:-1, max-image-preview:large, max-video-preview:-1\" \/>\n<meta property=\"og:locale\" content=\"de_DE\" \/>\n<meta property=\"og:type\" content=\"article\" \/>\n<meta property=\"og:title\" content=\"BG013BK - IXIL\" \/>\n<meta property=\"og:description\" content=\"WATERPROOF BAG 30 L. BLACK\" \/>\n<meta property=\"og:url\" content=\"https:\/\/ixil2.cetrexmarketing.com\/de\/producto\/bg013bk\/\" \/>\n<meta property=\"og:site_name\" content=\"IXIL\" \/>\n<meta property=\"og:image\" content=\"https:\/\/ixil2.cetrexmarketing.com\/wp-content\/uploads\/2020\/02\/7377-thickbox_default-BG013BK.jpg\" \/>\n\t<meta property=\"og:image:width\" content=\"810\" \/>\n\t<meta property=\"og:image:height\" content=\"810\" \/>\n\t<meta property=\"og:image:type\" content=\"image\/jpeg\" \/>\n<meta name=\"twitter:card\" content=\"summary_large_image\" \/>\n<script type=\"application\/ld+json\" class=\"yoast-schema-graph\">{\"@context\":\"https:\\\/\\\/schema.org\",\"@graph\":[{\"@type\":\"WebPage\",\"@id\":\"https:\\\/\\\/ixil2.cetrexmarketing.com\\\/de\\\/producto\\\/bg013bk\\\/\",\"url\":\"https:\\\/\\\/ixil2.cetrexmarketing.com\\\/de\\\/producto\\\/bg013bk\\\/\",\"name\":\"BG013BK - IXIL\",\"isPartOf\":{\"@id\":\"https:\\\/\\\/ixil2.cetrexmarketing.com\\\/de\\\/#website\"},\"primaryImageOfPage\":{\"@id\":\"https:\\\/\\\/ixil2.cetrexmarketing.com\\\/de\\\/producto\\\/bg013bk\\\/#primaryimage\"},\"image\":{\"@id\":\"https:\\\/\\\/ixil2.cetrexmarketing.com\\\/de\\\/producto\\\/bg013bk\\\/#primaryimage\"},\"thumbnailUrl\":\"https:\\\/\\\/ixil2.cetrexmarketing.com\\\/wp-content\\\/uploads\\\/2020\\\/02\\\/7377-thickbox_default-BG013BK.jpg\",\"datePublished\":\"2020-02-24T17:48:52+00:00\",\"breadcrumb\":{\"@id\":\"https:\\\/\\\/ixil2.cetrexmarketing.com\\\/de\\\/producto\\\/bg013bk\\\/#breadcrumb\"},\"inLanguage\":\"de\",\"potentialAction\":[{\"@type\":\"ReadAction\",\"target\":[\"https:\\\/\\\/ixil2.cetrexmarketing.com\\\/de\\\/producto\\\/bg013bk\\\/\"]}]},{\"@type\":\"ImageObject\",\"inLanguage\":\"de\",\"@id\":\"https:\\\/\\\/ixil2.cetrexmarketing.com\\\/de\\\/producto\\\/bg013bk\\\/#primaryimage\",\"url\":\"https:\\\/\\\/ixil2.cetrexmarketing.com\\\/wp-content\\\/uploads\\\/2020\\\/02\\\/7377-thickbox_default-BG013BK.jpg\",\"contentUrl\":\"https:\\\/\\\/ixil2.cetrexmarketing.com\\\/wp-content\\\/uploads\\\/2020\\\/02\\\/7377-thickbox_default-BG013BK.jpg\",\"width\":810,\"height\":810,\"caption\":\"BG013BK\"},{\"@type\":\"BreadcrumbList\",\"@id\":\"https:\\\/\\\/ixil2.cetrexmarketing.com\\\/de\\\/producto\\\/bg013bk\\\/#breadcrumb\",\"itemListElement\":[{\"@type\":\"ListItem\",\"position\":1,\"name\":\"Home\",\"item\":\"https:\\\/\\\/ixil2.cetrexmarketing.com\\\/de\\\/\"},{\"@type\":\"ListItem\",\"position\":2,\"name\":\"Produkte\",\"item\":\"https:\\\/\\\/ixil2.cetrexmarketing.com\\\/de\\\/shop\\\/\"},{\"@type\":\"ListItem\",\"position\":3,\"name\":\"BG013BK\"}]},{\"@type\":\"WebSite\",\"@id\":\"https:\\\/\\\/ixil2.cetrexmarketing.com\\\/de\\\/#website\",\"url\":\"https:\\\/\\\/ixil2.cetrexmarketing.com\\\/de\\\/\",\"name\":\"IXIL\",\"description\":\"Tubos de escape Ixil - Escapes para Motos - IXIL EXHAUST - Talleres Vic S.A.\",\"publisher\":{\"@id\":\"https:\\\/\\\/ixil2.cetrexmarketing.com\\\/de\\\/#organization\"},\"potentialAction\":[{\"@type\":\"SearchAction\",\"target\":{\"@type\":\"EntryPoint\",\"urlTemplate\":\"https:\\\/\\\/ixil2.cetrexmarketing.com\\\/de\\\/?s={search_term_string}\"},\"query-input\":{\"@type\":\"PropertyValueSpecification\",\"valueRequired\":true,\"valueName\":\"search_term_string\"}}],\"inLanguage\":\"de\"},{\"@type\":\"Organization\",\"@id\":\"https:\\\/\\\/ixil2.cetrexmarketing.com\\\/de\\\/#organization\",\"name\":\"IXIL\",\"url\":\"https:\\\/\\\/ixil2.cetrexmarketing.com\\\/de\\\/\",\"logo\":{\"@type\":\"ImageObject\",\"inLanguage\":\"de\",\"@id\":\"https:\\\/\\\/ixil2.cetrexmarketing.com\\\/de\\\/#\\\/schema\\\/logo\\\/image\\\/\",\"url\":\"https:\\\/\\\/ixil2.cetrexmarketing.com\\\/wp-content\\\/uploads\\\/2026\\\/04\\\/logo_blanc.png\",\"contentUrl\":\"https:\\\/\\\/ixil2.cetrexmarketing.com\\\/wp-content\\\/uploads\\\/2026\\\/04\\\/logo_blanc.png\",\"width\":838,\"height\":431,\"caption\":\"IXIL\"},\"image\":{\"@id\":\"https:\\\/\\\/ixil2.cetrexmarketing.com\\\/de\\\/#\\\/schema\\\/logo\\\/image\\\/\"}}]}<\/script>\n<!-- \/ Yoast SEO plugin. -->","yoast_head_json":{"title":"BG013BK - IXIL","robots":{"index":"noindex","follow":"follow","max-snippet":"max-snippet:-1","max-image-preview":"max-image-preview:large","max-video-preview":"max-video-preview:-1"},"og_locale":"de_DE","og_type":"article","og_title":"BG013BK - IXIL","og_description":"WATERPROOF BAG 30 L. BLACK","og_url":"https:\/\/ixil2.cetrexmarketing.com\/de\/producto\/bg013bk\/","og_site_name":"IXIL","og_image":[{"width":810,"height":810,"url":"https:\/\/ixil2.cetrexmarketing.com\/wp-content\/uploads\/2020\/02\/7377-thickbox_default-BG013BK.jpg","type":"image\/jpeg"}],"twitter_card":"summary_large_image","schema":{"@context":"https:\/\/schema.org","@graph":[{"@type":"WebPage","@id":"https:\/\/ixil2.cetrexmarketing.com\/de\/producto\/bg013bk\/","url":"https:\/\/ixil2.cetrexmarketing.com\/de\/producto\/bg013bk\/","name":"BG013BK - IXIL","isPartOf":{"@id":"https:\/\/ixil2.cetrexmarketing.com\/de\/#website"},"primaryImageOfPage":{"@id":"https:\/\/ixil2.cetrexmarketing.com\/de\/producto\/bg013bk\/#primaryimage"},"image":{"@id":"https:\/\/ixil2.cetrexmarketing.com\/de\/producto\/bg013bk\/#primaryimage"},"thumbnailUrl":"https:\/\/ixil2.cetrexmarketing.com\/wp-content\/uploads\/2020\/02\/7377-thickbox_default-BG013BK.jpg","datePublished":"2020-02-24T17:48:52+00:00","breadcrumb":{"@id":"https:\/\/ixil2.cetrexmarketing.com\/de\/producto\/bg013bk\/#breadcrumb"},"inLanguage":"de","potentialAction":[{"@type":"ReadAction","target":["https:\/\/ixil2.cetrexmarketing.com\/de\/producto\/bg013bk\/"]}]},{"@type":"ImageObject","inLanguage":"de","@id":"https:\/\/ixil2.cetrexmarketing.com\/de\/producto\/bg013bk\/#primaryimage","url":"https:\/\/ixil2.cetrexmarketing.com\/wp-content\/uploads\/2020\/02\/7377-thickbox_default-BG013BK.jpg","contentUrl":"https:\/\/ixil2.cetrexmarketing.com\/wp-content\/uploads\/2020\/02\/7377-thickbox_default-BG013BK.jpg","width":810,"height":810,"caption":"BG013BK"},{"@type":"BreadcrumbList","@id":"https:\/\/ixil2.cetrexmarketing.com\/de\/producto\/bg013bk\/#breadcrumb","itemListElement":[{"@type":"ListItem","position":1,"name":"Home","item":"https:\/\/ixil2.cetrexmarketing.com\/de\/"},{"@type":"ListItem","position":2,"name":"Produkte","item":"https:\/\/ixil2.cetrexmarketing.com\/de\/shop\/"},{"@type":"ListItem","position":3,"name":"BG013BK"}]},{"@type":"WebSite","@id":"https:\/\/ixil2.cetrexmarketing.com\/de\/#website","url":"https:\/\/ixil2.cetrexmarketing.com\/de\/","name":"IXIL","description":"Tubos de escape Ixil - Escapes para Motos - IXIL EXHAUST - Talleres Vic S.A.","publisher":{"@id":"https:\/\/ixil2.cetrexmarketing.com\/de\/#organization"},"potentialAction":[{"@type":"SearchAction","target":{"@type":"EntryPoint","urlTemplate":"https:\/\/ixil2.cetrexmarketing.com\/de\/?s={search_term_string}"},"query-input":{"@type":"PropertyValueSpecification","valueRequired":true,"valueName":"search_term_string"}}],"inLanguage":"de"},{"@type":"Organization","@id":"https:\/\/ixil2.cetrexmarketing.com\/de\/#organization","name":"IXIL","url":"https:\/\/ixil2.cetrexmarketing.com\/de\/","logo":{"@type":"ImageObject","inLanguage":"de","@id":"https:\/\/ixil2.cetrexmarketing.com\/de\/#\/schema\/logo\/image\/","url":"https:\/\/ixil2.cetrexmarketing.com\/wp-content\/uploads\/2026\/04\/logo_blanc.png","contentUrl":"https:\/\/ixil2.cetrexmarketing.com\/wp-content\/uploads\/2026\/04\/logo_blanc.png","width":838,"height":431,"caption":"IXIL"},"image":{"@id":"https:\/\/ixil2.cetrexmarketing.com\/de\/#\/schema\/logo\/image\/"}}]}},"_links":{"self":[{"href":"https:\/\/ixil2.cetrexmarketing.com\/de\/wp-json\/wp\/v2\/product\/21680","targetHints":{"allow":["GET"]}}],"collection":[{"href":"https:\/\/ixil2.cetrexmarketing.com\/de\/wp-json\/wp\/v2\/product"}],"about":[{"href":"https:\/\/ixil2.cetrexmarketing.com\/de\/wp-json\/wp\/v2\/types\/product"}],"wp:featuredmedia":[{"embeddable":true,"href":"https:\/\/ixil2.cetrexmarketing.com\/de\/wp-json\/wp\/v2\/media\/21673"}],"wp:attachment":[{"href":"https:\/\/ixil2.cetrexmarketing.com\/de\/wp-json\/wp\/v2\/media?parent=21680"}],"wp:term":[{"taxonomy":"product_brand","embeddable":true,"href":"https:\/\/ixil2.cetrexmarketing.com\/de\/wp-json\/wp\/v2\/product_brand?post=21680"},{"taxonomy":"product_cat","embeddable":true,"href":"https:\/\/ixil2.cetrexmarketing.com\/de\/wp-json\/wp\/v2\/product_cat?post=21680"},{"taxonomy":"product_tag","embeddable":true,"href":"https:\/\/ixil2.cetrexmarketing.com\/de\/wp-json\/wp\/v2\/product_tag?post=21680"}],"curies":[{"name":"wp","href":"https:\/\/api.w.org\/{rel}","templated":true}]}}