{"id":15738,"date":"2020-02-26T16:58:28","date_gmt":"2020-02-26T16:58:28","guid":{"rendered":"https:\/\/ixil2.cetrexmarketing.com\/producto\/hc1-3b-13\/"},"modified":"2020-02-26T16:58:28","modified_gmt":"2020-02-26T16:58:28","slug":"hc1-3b-13","status":"publish","type":"product","link":"https:\/\/ixil2.cetrexmarketing.com\/de\/producto\/hc1-3b-13\/","title":{"rendered":"HC1-3B"},"content":{"rendered":"<p>Auspuff hergestellt aus AISI304 Edelstahl, mit schwarz lackierter Oberfl\u00e4che und eingelasertem Logo. Endkappe mit 4-facher Montagem\u00f6glichkeit hergestellt aus AISI304 Edelstahl mit schwarz lackierter Oberfl\u00e4che.<\/p>\n","protected":false},"excerpt":{"rendered":"<p>SLIP ON (UPPER MUFFLER) &#8211; IRONHEAD ROUND BLACK &#8211; HARLEY DAVIDSON SOFTAIL BREAKOUT 2013-2016<\/p>\n","protected":false},"featured_media":15731,"template":"","meta":[],"product_brand":[],"product_cat":[3975],"product_tag":[],"class_list":{"0":"post-15738","1":"product","2":"type-product","3":"status-publish","4":"has-post-thumbnail","6":"product_cat-softail-breakout-2013-2016-de","7":"pa_bodyfinish-blackpainted","8":"pa_bodymaterial-inoxaisi304","9":"pa_ceapproval-no","10":"pa_finishoutput-blackpainted-2","11":"pa_length-400mm","12":"pa_logo-lasermarking","13":"pa_outputmaterial-inoxaisi304","14":"pa_shape-roundo88mm","15":"pa_weight-2500gr","16":"entry","17":"has-media","19":"first","20":"instock","21":"taxable","22":"shipping-taxable","23":"purchasable","24":"product-type-simple"},"yoast_head":"<!-- This site is optimized with the Yoast SEO plugin v27.4 - https:\/\/yoast.com\/product\/yoast-seo-wordpress\/ -->\n<title>IXIL SLIP ON (UPPER MUFFLER) HC1-3B IRONHEAD ROUND BLACK Auspuffrohr f\u00fcr HARLEY DAVIDSON SOFTAIL BREAKOUT 2013-2016<\/title>\n<meta name=\"robots\" content=\"noindex, follow, max-snippet:-1, max-image-preview:large, max-video-preview:-1\" \/>\n<meta property=\"og:locale\" content=\"de_DE\" \/>\n<meta property=\"og:type\" content=\"article\" \/>\n<meta property=\"og:title\" content=\"IXIL SLIP ON (UPPER MUFFLER) HC1-3B IRONHEAD ROUND BLACK Auspuffrohr f\u00fcr HARLEY DAVIDSON SOFTAIL BREAKOUT 2013-2016\" \/>\n<meta property=\"og:description\" content=\"SLIP ON (UPPER MUFFLER) - IRONHEAD ROUND BLACK - HARLEY DAVIDSON SOFTAIL BREAKOUT 2013-2016\" \/>\n<meta property=\"og:url\" content=\"https:\/\/ixil2.cetrexmarketing.com\/de\/producto\/hc1-3b-13\/\" \/>\n<meta property=\"og:site_name\" content=\"IXIL\" \/>\n<meta property=\"og:image\" content=\"https:\/\/ixil2.cetrexmarketing.com\/wp-content\/uploads\/2020\/02\/4722-thickbox_default-HC1-3B.jpg\" \/>\n\t<meta property=\"og:image:width\" content=\"810\" \/>\n\t<meta property=\"og:image:height\" content=\"810\" \/>\n\t<meta property=\"og:image:type\" content=\"image\/jpeg\" \/>\n<meta name=\"twitter:card\" content=\"summary_large_image\" \/>\n<script type=\"application\/ld+json\" class=\"yoast-schema-graph\">{\"@context\":\"https:\\\/\\\/schema.org\",\"@graph\":[{\"@type\":\"WebPage\",\"@id\":\"https:\\\/\\\/ixil2.cetrexmarketing.com\\\/de\\\/producto\\\/hc1-3b-13\\\/\",\"url\":\"https:\\\/\\\/ixil2.cetrexmarketing.com\\\/de\\\/producto\\\/hc1-3b-13\\\/\",\"name\":\"IXIL SLIP ON (UPPER MUFFLER) HC1-3B IRONHEAD ROUND BLACK Auspuffrohr f\u00fcr HARLEY DAVIDSON SOFTAIL BREAKOUT 2013-2016\",\"isPartOf\":{\"@id\":\"https:\\\/\\\/ixil2.cetrexmarketing.com\\\/de\\\/#website\"},\"primaryImageOfPage\":{\"@id\":\"https:\\\/\\\/ixil2.cetrexmarketing.com\\\/de\\\/producto\\\/hc1-3b-13\\\/#primaryimage\"},\"image\":{\"@id\":\"https:\\\/\\\/ixil2.cetrexmarketing.com\\\/de\\\/producto\\\/hc1-3b-13\\\/#primaryimage\"},\"thumbnailUrl\":\"https:\\\/\\\/ixil2.cetrexmarketing.com\\\/wp-content\\\/uploads\\\/2020\\\/02\\\/4722-thickbox_default-HC1-3B.jpg\",\"datePublished\":\"2020-02-26T16:58:28+00:00\",\"breadcrumb\":{\"@id\":\"https:\\\/\\\/ixil2.cetrexmarketing.com\\\/de\\\/producto\\\/hc1-3b-13\\\/#breadcrumb\"},\"inLanguage\":\"de\",\"potentialAction\":[{\"@type\":\"ReadAction\",\"target\":[\"https:\\\/\\\/ixil2.cetrexmarketing.com\\\/de\\\/producto\\\/hc1-3b-13\\\/\"]}]},{\"@type\":\"ImageObject\",\"inLanguage\":\"de\",\"@id\":\"https:\\\/\\\/ixil2.cetrexmarketing.com\\\/de\\\/producto\\\/hc1-3b-13\\\/#primaryimage\",\"url\":\"https:\\\/\\\/ixil2.cetrexmarketing.com\\\/wp-content\\\/uploads\\\/2020\\\/02\\\/4722-thickbox_default-HC1-3B.jpg\",\"contentUrl\":\"https:\\\/\\\/ixil2.cetrexmarketing.com\\\/wp-content\\\/uploads\\\/2020\\\/02\\\/4722-thickbox_default-HC1-3B.jpg\",\"width\":810,\"height\":810,\"caption\":\"HC1-3B\"},{\"@type\":\"BreadcrumbList\",\"@id\":\"https:\\\/\\\/ixil2.cetrexmarketing.com\\\/de\\\/producto\\\/hc1-3b-13\\\/#breadcrumb\",\"itemListElement\":[{\"@type\":\"ListItem\",\"position\":1,\"name\":\"Home\",\"item\":\"https:\\\/\\\/ixil2.cetrexmarketing.com\\\/de\\\/\"},{\"@type\":\"ListItem\",\"position\":2,\"name\":\"Produkte\",\"item\":\"https:\\\/\\\/ixil2.cetrexmarketing.com\\\/de\\\/shop\\\/\"},{\"@type\":\"ListItem\",\"position\":3,\"name\":\"HC1-3B\"}]},{\"@type\":\"WebSite\",\"@id\":\"https:\\\/\\\/ixil2.cetrexmarketing.com\\\/de\\\/#website\",\"url\":\"https:\\\/\\\/ixil2.cetrexmarketing.com\\\/de\\\/\",\"name\":\"IXIL\",\"description\":\"Tubos de escape Ixil - Escapes para Motos - IXIL EXHAUST - Talleres Vic S.A.\",\"publisher\":{\"@id\":\"https:\\\/\\\/ixil2.cetrexmarketing.com\\\/de\\\/#organization\"},\"potentialAction\":[{\"@type\":\"SearchAction\",\"target\":{\"@type\":\"EntryPoint\",\"urlTemplate\":\"https:\\\/\\\/ixil2.cetrexmarketing.com\\\/de\\\/?s={search_term_string}\"},\"query-input\":{\"@type\":\"PropertyValueSpecification\",\"valueRequired\":true,\"valueName\":\"search_term_string\"}}],\"inLanguage\":\"de\"},{\"@type\":\"Organization\",\"@id\":\"https:\\\/\\\/ixil2.cetrexmarketing.com\\\/de\\\/#organization\",\"name\":\"IXIL\",\"url\":\"https:\\\/\\\/ixil2.cetrexmarketing.com\\\/de\\\/\",\"logo\":{\"@type\":\"ImageObject\",\"inLanguage\":\"de\",\"@id\":\"https:\\\/\\\/ixil2.cetrexmarketing.com\\\/de\\\/#\\\/schema\\\/logo\\\/image\\\/\",\"url\":\"https:\\\/\\\/ixil2.cetrexmarketing.com\\\/wp-content\\\/uploads\\\/2026\\\/04\\\/logo_blanc.png\",\"contentUrl\":\"https:\\\/\\\/ixil2.cetrexmarketing.com\\\/wp-content\\\/uploads\\\/2026\\\/04\\\/logo_blanc.png\",\"width\":838,\"height\":431,\"caption\":\"IXIL\"},\"image\":{\"@id\":\"https:\\\/\\\/ixil2.cetrexmarketing.com\\\/de\\\/#\\\/schema\\\/logo\\\/image\\\/\"}}]}<\/script>\n<!-- \/ Yoast SEO plugin. -->","yoast_head_json":{"title":"IXIL SLIP ON (UPPER MUFFLER) HC1-3B IRONHEAD ROUND BLACK Auspuffrohr f\u00fcr HARLEY DAVIDSON SOFTAIL BREAKOUT 2013-2016","robots":{"index":"noindex","follow":"follow","max-snippet":"max-snippet:-1","max-image-preview":"max-image-preview:large","max-video-preview":"max-video-preview:-1"},"og_locale":"de_DE","og_type":"article","og_title":"IXIL SLIP ON (UPPER MUFFLER) HC1-3B IRONHEAD ROUND BLACK Auspuffrohr f\u00fcr HARLEY DAVIDSON SOFTAIL BREAKOUT 2013-2016","og_description":"SLIP ON (UPPER MUFFLER) - IRONHEAD ROUND BLACK - HARLEY DAVIDSON SOFTAIL BREAKOUT 2013-2016","og_url":"https:\/\/ixil2.cetrexmarketing.com\/de\/producto\/hc1-3b-13\/","og_site_name":"IXIL","og_image":[{"width":810,"height":810,"url":"https:\/\/ixil2.cetrexmarketing.com\/wp-content\/uploads\/2020\/02\/4722-thickbox_default-HC1-3B.jpg","type":"image\/jpeg"}],"twitter_card":"summary_large_image","schema":{"@context":"https:\/\/schema.org","@graph":[{"@type":"WebPage","@id":"https:\/\/ixil2.cetrexmarketing.com\/de\/producto\/hc1-3b-13\/","url":"https:\/\/ixil2.cetrexmarketing.com\/de\/producto\/hc1-3b-13\/","name":"IXIL SLIP ON (UPPER MUFFLER) HC1-3B IRONHEAD ROUND BLACK Auspuffrohr f\u00fcr HARLEY DAVIDSON SOFTAIL BREAKOUT 2013-2016","isPartOf":{"@id":"https:\/\/ixil2.cetrexmarketing.com\/de\/#website"},"primaryImageOfPage":{"@id":"https:\/\/ixil2.cetrexmarketing.com\/de\/producto\/hc1-3b-13\/#primaryimage"},"image":{"@id":"https:\/\/ixil2.cetrexmarketing.com\/de\/producto\/hc1-3b-13\/#primaryimage"},"thumbnailUrl":"https:\/\/ixil2.cetrexmarketing.com\/wp-content\/uploads\/2020\/02\/4722-thickbox_default-HC1-3B.jpg","datePublished":"2020-02-26T16:58:28+00:00","breadcrumb":{"@id":"https:\/\/ixil2.cetrexmarketing.com\/de\/producto\/hc1-3b-13\/#breadcrumb"},"inLanguage":"de","potentialAction":[{"@type":"ReadAction","target":["https:\/\/ixil2.cetrexmarketing.com\/de\/producto\/hc1-3b-13\/"]}]},{"@type":"ImageObject","inLanguage":"de","@id":"https:\/\/ixil2.cetrexmarketing.com\/de\/producto\/hc1-3b-13\/#primaryimage","url":"https:\/\/ixil2.cetrexmarketing.com\/wp-content\/uploads\/2020\/02\/4722-thickbox_default-HC1-3B.jpg","contentUrl":"https:\/\/ixil2.cetrexmarketing.com\/wp-content\/uploads\/2020\/02\/4722-thickbox_default-HC1-3B.jpg","width":810,"height":810,"caption":"HC1-3B"},{"@type":"BreadcrumbList","@id":"https:\/\/ixil2.cetrexmarketing.com\/de\/producto\/hc1-3b-13\/#breadcrumb","itemListElement":[{"@type":"ListItem","position":1,"name":"Home","item":"https:\/\/ixil2.cetrexmarketing.com\/de\/"},{"@type":"ListItem","position":2,"name":"Produkte","item":"https:\/\/ixil2.cetrexmarketing.com\/de\/shop\/"},{"@type":"ListItem","position":3,"name":"HC1-3B"}]},{"@type":"WebSite","@id":"https:\/\/ixil2.cetrexmarketing.com\/de\/#website","url":"https:\/\/ixil2.cetrexmarketing.com\/de\/","name":"IXIL","description":"Tubos de escape Ixil - Escapes para Motos - IXIL EXHAUST - Talleres Vic S.A.","publisher":{"@id":"https:\/\/ixil2.cetrexmarketing.com\/de\/#organization"},"potentialAction":[{"@type":"SearchAction","target":{"@type":"EntryPoint","urlTemplate":"https:\/\/ixil2.cetrexmarketing.com\/de\/?s={search_term_string}"},"query-input":{"@type":"PropertyValueSpecification","valueRequired":true,"valueName":"search_term_string"}}],"inLanguage":"de"},{"@type":"Organization","@id":"https:\/\/ixil2.cetrexmarketing.com\/de\/#organization","name":"IXIL","url":"https:\/\/ixil2.cetrexmarketing.com\/de\/","logo":{"@type":"ImageObject","inLanguage":"de","@id":"https:\/\/ixil2.cetrexmarketing.com\/de\/#\/schema\/logo\/image\/","url":"https:\/\/ixil2.cetrexmarketing.com\/wp-content\/uploads\/2026\/04\/logo_blanc.png","contentUrl":"https:\/\/ixil2.cetrexmarketing.com\/wp-content\/uploads\/2026\/04\/logo_blanc.png","width":838,"height":431,"caption":"IXIL"},"image":{"@id":"https:\/\/ixil2.cetrexmarketing.com\/de\/#\/schema\/logo\/image\/"}}]}},"_links":{"self":[{"href":"https:\/\/ixil2.cetrexmarketing.com\/de\/wp-json\/wp\/v2\/product\/15738","targetHints":{"allow":["GET"]}}],"collection":[{"href":"https:\/\/ixil2.cetrexmarketing.com\/de\/wp-json\/wp\/v2\/product"}],"about":[{"href":"https:\/\/ixil2.cetrexmarketing.com\/de\/wp-json\/wp\/v2\/types\/product"}],"wp:featuredmedia":[{"embeddable":true,"href":"https:\/\/ixil2.cetrexmarketing.com\/de\/wp-json\/wp\/v2\/media\/15731"}],"wp:attachment":[{"href":"https:\/\/ixil2.cetrexmarketing.com\/de\/wp-json\/wp\/v2\/media?parent=15738"}],"wp:term":[{"taxonomy":"product_brand","embeddable":true,"href":"https:\/\/ixil2.cetrexmarketing.com\/de\/wp-json\/wp\/v2\/product_brand?post=15738"},{"taxonomy":"product_cat","embeddable":true,"href":"https:\/\/ixil2.cetrexmarketing.com\/de\/wp-json\/wp\/v2\/product_cat?post=15738"},{"taxonomy":"product_tag","embeddable":true,"href":"https:\/\/ixil2.cetrexmarketing.com\/de\/wp-json\/wp\/v2\/product_tag?post=15738"}],"curies":[{"name":"wp","href":"https:\/\/api.w.org\/{rel}","templated":true}]}}